{"id":10836,"date":"2024-03-07T10:25:29","date_gmt":"2024-03-07T09:25:29","guid":{"rendered":"https:\/\/www.promotio.sk\/shop\/nezaraden\u00e9\/newton\/"},"modified":"2024-03-07T12:50:52","modified_gmt":"2024-03-07T11:50:52","slug":"newton","status":"publish","type":"product","link":"https:\/\/www.promotio.sk\/sk\/shop\/promo-items\/writing_office\/pens\/newton\/","title":{"rendered":"NEWTON"},"content":{"rendered":"<p>Antibakteri\u00e1lne gu\u013e\u00f4\u010dkov\u00e9 pero vyroben\u00e9 z ABS, o\u0161etren\u00e9 i\u00f3nmi striebra (technol\u00f3gia nano striebra). Zabra\u0148uje a inhibuje rast bakt\u00e9ri\u00ed na tele pera. Vyroben\u00e9 pod\u013ea normy ISO 22196: 2011. Modr\u00fd atrament.<br \/>Zlo\u017eenie: ABS<\/p>","protected":false},"excerpt":{"rendered":"<p>Antibacterial ball pen made of ABS, treated with silver ions (nano silver technology). It prevents and inhibits the growth of<\/p>","protected":false},"featured_media":10837,"comment_status":"open","ping_status":"closed","template":"","meta":[],"product_cat":[205,39],"product_tag":[],"class_list":{"0":"post-10836","1":"product","2":"type-product","3":"status-publish","4":"has-post-thumbnail","6":"product_cat-pens","7":"product_cat-writing_office","9":"first","10":"instock","11":"shipping-taxable","12":"purchasable","13":"product-type-variable"},"_links":{"self":[{"href":"https:\/\/www.promotio.sk\/sk\/wp-json\/wp\/v2\/product\/10836","targetHints":{"allow":["GET"]}}],"collection":[{"href":"https:\/\/www.promotio.sk\/sk\/wp-json\/wp\/v2\/product"}],"about":[{"href":"https:\/\/www.promotio.sk\/sk\/wp-json\/wp\/v2\/types\/product"}],"replies":[{"embeddable":true,"href":"https:\/\/www.promotio.sk\/sk\/wp-json\/wp\/v2\/comments?post=10836"}],"wp:featuredmedia":[{"embeddable":true,"href":"https:\/\/www.promotio.sk\/sk\/wp-json\/wp\/v2\/media\/10837"}],"wp:attachment":[{"href":"https:\/\/www.promotio.sk\/sk\/wp-json\/wp\/v2\/media?parent=10836"}],"wp:term":[{"taxonomy":"product_cat","embeddable":true,"href":"https:\/\/www.promotio.sk\/sk\/wp-json\/wp\/v2\/product_cat?post=10836"},{"taxonomy":"product_tag","embeddable":true,"href":"https:\/\/www.promotio.sk\/sk\/wp-json\/wp\/v2\/product_tag?post=10836"}],"curies":[{"name":"wp","href":"https:\/\/api.w.org\/{rel}","templated":true}]}}