{"id":10722,"date":"2024-03-07T10:17:55","date_gmt":"2024-03-07T09:17:55","guid":{"rendered":"https:\/\/www.promotio.sk\/shop\/nezaraden\u00e9\/grove\/"},"modified":"2024-03-07T12:53:32","modified_gmt":"2024-03-07T11:53:32","slug":"grove","status":"publish","type":"product","link":"https:\/\/www.promotio.sk\/sk\/shop\/promo-items\/writing_office\/pens\/grove\/","title":{"rendered":"GROVE"},"content":{"rendered":"<p>Zas\u00favacie pero vyroben\u00e9 z recyklovan\u00e9ho kart\u00f3nu s hrotom a klipom z p\u0161eni\u010dn\u00e9ho vl\u00e1kna a ABS. Modr\u00fd atrament.<br \/>Zlo\u017eenie: Telo: recyklovan\u00fd kart\u00f3n.<br \/>\nHrot a klip: p\u0161eni\u010dn\u00e9 vl\u00e1kno a ABS.<\/p>","protected":false},"excerpt":{"rendered":"<p>Retractable pen made from recycled cardboard, with tip and clip in wheat fibre and ABS. Blue ink.Composition: Body: recycled cardboard.<\/p>","protected":false},"featured_media":10723,"comment_status":"open","ping_status":"closed","template":"","meta":[],"product_cat":[205,39],"product_tag":[],"class_list":{"0":"post-10722","1":"product","2":"type-product","3":"status-publish","4":"has-post-thumbnail","6":"product_cat-pens","7":"product_cat-writing_office","9":"first","10":"instock","11":"shipping-taxable","12":"purchasable","13":"product-type-variable"},"_links":{"self":[{"href":"https:\/\/www.promotio.sk\/sk\/wp-json\/wp\/v2\/product\/10722","targetHints":{"allow":["GET"]}}],"collection":[{"href":"https:\/\/www.promotio.sk\/sk\/wp-json\/wp\/v2\/product"}],"about":[{"href":"https:\/\/www.promotio.sk\/sk\/wp-json\/wp\/v2\/types\/product"}],"replies":[{"embeddable":true,"href":"https:\/\/www.promotio.sk\/sk\/wp-json\/wp\/v2\/comments?post=10722"}],"wp:featuredmedia":[{"embeddable":true,"href":"https:\/\/www.promotio.sk\/sk\/wp-json\/wp\/v2\/media\/10723"}],"wp:attachment":[{"href":"https:\/\/www.promotio.sk\/sk\/wp-json\/wp\/v2\/media?parent=10722"}],"wp:term":[{"taxonomy":"product_cat","embeddable":true,"href":"https:\/\/www.promotio.sk\/sk\/wp-json\/wp\/v2\/product_cat?post=10722"},{"taxonomy":"product_tag","embeddable":true,"href":"https:\/\/www.promotio.sk\/sk\/wp-json\/wp\/v2\/product_tag?post=10722"}],"curies":[{"name":"wp","href":"https:\/\/api.w.org\/{rel}","templated":true}]}}