{"id":10642,"date":"2024-03-07T09:57:20","date_gmt":"2024-03-07T08:57:20","guid":{"rendered":"https:\/\/www.promotio.sk\/shop\/nezaraden\u00e9\/gala\/"},"modified":"2024-03-07T13:08:36","modified_gmt":"2024-03-07T12:08:36","slug":"gala","status":"publish","type":"product","link":"https:\/\/www.promotio.sk\/sk\/shop\/promo-items\/writing_office\/writing-sets\/gala\/","title":{"rendered":"GALA"},"content":{"rendered":"<p>S\u00faprava bambusov\u00e9ho z\u00e1pisn\u00edka a pera A5. Z\u00e1pisn\u00edk s pevn\u00fdmi doskami a 80 linajkov\u00fdmi h\u00e1rkami recyklovan\u00e9ho papiera. Gu\u013e\u00f4\u010dkov\u00e9 pero s chr\u00f3movan\u00fdmi detailmi a modr\u00fdm atramentom.<br \/>\nZlo\u017eenie: bambus<br \/>\nPozn\u00e1mky: Gu\u013e\u00f4\u010dkov\u00e9 pero s chr\u00f3movan\u00fdmi detailmi a modr\u00fdm atramentom.<br \/>\nGram\u00e1\u017e papiera: 70 g\/m2.<br \/>\nPrezent\u00e1cia v kart\u00f3novom kraftovom kufr\u00edku.<\/p>","protected":false},"excerpt":{"rendered":"<p>A5 bamboo notebook and pen set. Notebook with hard covers and 80 lined recycled paper sheets. Ball pen with chrome<\/p>","protected":false},"featured_media":10643,"comment_status":"open","ping_status":"closed","template":"","meta":[],"product_cat":[39,273],"product_tag":[],"class_list":{"0":"post-10642","1":"product","2":"type-product","3":"status-publish","4":"has-post-thumbnail","6":"product_cat-writing_office","7":"product_cat-writing-sets","9":"first","10":"instock","11":"shipping-taxable","12":"purchasable","13":"product-type-variable"},"_links":{"self":[{"href":"https:\/\/www.promotio.sk\/sk\/wp-json\/wp\/v2\/product\/10642","targetHints":{"allow":["GET"]}}],"collection":[{"href":"https:\/\/www.promotio.sk\/sk\/wp-json\/wp\/v2\/product"}],"about":[{"href":"https:\/\/www.promotio.sk\/sk\/wp-json\/wp\/v2\/types\/product"}],"replies":[{"embeddable":true,"href":"https:\/\/www.promotio.sk\/sk\/wp-json\/wp\/v2\/comments?post=10642"}],"wp:featuredmedia":[{"embeddable":true,"href":"https:\/\/www.promotio.sk\/sk\/wp-json\/wp\/v2\/media\/10643"}],"wp:attachment":[{"href":"https:\/\/www.promotio.sk\/sk\/wp-json\/wp\/v2\/media?parent=10642"}],"wp:term":[{"taxonomy":"product_cat","embeddable":true,"href":"https:\/\/www.promotio.sk\/sk\/wp-json\/wp\/v2\/product_cat?post=10642"},{"taxonomy":"product_tag","embeddable":true,"href":"https:\/\/www.promotio.sk\/sk\/wp-json\/wp\/v2\/product_tag?post=10642"}],"curies":[{"name":"wp","href":"https:\/\/api.w.org\/{rel}","templated":true}]}}