{"id":10634,"date":"2024-03-07T09:56:37","date_gmt":"2024-03-07T08:56:37","guid":{"rendered":"https:\/\/www.promotio.sk\/shop\/nezaraden\u00e9\/waldo\/"},"modified":"2024-03-07T13:08:53","modified_gmt":"2024-03-07T12:08:53","slug":"waldo","status":"publish","type":"product","link":"https:\/\/www.promotio.sk\/sk\/shop\/promo-items\/writing_office\/writing-sets\/waldo\/","title":{"rendered":"WALDO"},"content":{"rendered":"<p>13-dielna s\u00faprava na kreslenie. S\u00fa\u010das\u0165ou balenia je 6 pasteliek, 6 dreven\u00fdch ceruziek a str\u00fahadlo. <br \/>Pozn\u00e1mky: Prezent\u00e1cia v kart\u00f3novom obale.<\/p>","protected":false},"excerpt":{"rendered":"<p>13-piece drawing set. 6 crayons, 6 wooden pencils and a sharpener included. Remarks: Presentation in a cardboard case.<\/p>","protected":false},"featured_media":10635,"comment_status":"open","ping_status":"closed","template":"","meta":[],"product_cat":[39,273],"product_tag":[],"class_list":{"0":"post-10634","1":"product","2":"type-product","3":"status-publish","4":"has-post-thumbnail","6":"product_cat-writing_office","7":"product_cat-writing-sets","9":"first","10":"instock","11":"shipping-taxable","12":"purchasable","13":"product-type-variable"},"_links":{"self":[{"href":"https:\/\/www.promotio.sk\/sk\/wp-json\/wp\/v2\/product\/10634","targetHints":{"allow":["GET"]}}],"collection":[{"href":"https:\/\/www.promotio.sk\/sk\/wp-json\/wp\/v2\/product"}],"about":[{"href":"https:\/\/www.promotio.sk\/sk\/wp-json\/wp\/v2\/types\/product"}],"replies":[{"embeddable":true,"href":"https:\/\/www.promotio.sk\/sk\/wp-json\/wp\/v2\/comments?post=10634"}],"wp:featuredmedia":[{"embeddable":true,"href":"https:\/\/www.promotio.sk\/sk\/wp-json\/wp\/v2\/media\/10635"}],"wp:attachment":[{"href":"https:\/\/www.promotio.sk\/sk\/wp-json\/wp\/v2\/media?parent=10634"}],"wp:term":[{"taxonomy":"product_cat","embeddable":true,"href":"https:\/\/www.promotio.sk\/sk\/wp-json\/wp\/v2\/product_cat?post=10634"},{"taxonomy":"product_tag","embeddable":true,"href":"https:\/\/www.promotio.sk\/sk\/wp-json\/wp\/v2\/product_tag?post=10634"}],"curies":[{"name":"wp","href":"https:\/\/api.w.org\/{rel}","templated":true}]}}