{"id":10596,"date":"2024-03-07T09:53:06","date_gmt":"2024-03-07T08:53:06","guid":{"rendered":"https:\/\/www.promotio.sk\/shop\/nezaraden\u00e9\/tikun\/"},"modified":"2024-03-07T13:04:27","modified_gmt":"2024-03-07T12:04:27","slug":"tikun","status":"publish","type":"product","link":"https:\/\/www.promotio.sk\/sk\/shop\/promo-items\/writing_office\/pensils\/tikun\/","title":{"rendered":"TIKUN"},"content":{"rendered":"<p>Ve\u010dn\u00e1 ceruzka s bambusov\u00fdm telom. Olovrant pre nekone\u010dn\u00e9 p\u00edsanie. Netreba doostrova\u0165. Vr\u00e1tane gumy.<br \/>\n<br \/>Zlo\u017eenie: bambus<\/p>","protected":false},"excerpt":{"rendered":"<p>Perpetual pencil with bamboo body. Lead tip for endless writing. No need to sharpen. Rubber included. Composition: Bamboo<\/p>","protected":false},"featured_media":10597,"comment_status":"open","ping_status":"closed","template":"","meta":[],"product_cat":[270,39],"product_tag":[],"class_list":{"0":"post-10596","1":"product","2":"type-product","3":"status-publish","4":"has-post-thumbnail","6":"product_cat-pensils","7":"product_cat-writing_office","9":"first","10":"instock","11":"shipping-taxable","12":"purchasable","13":"product-type-variable"},"_links":{"self":[{"href":"https:\/\/www.promotio.sk\/sk\/wp-json\/wp\/v2\/product\/10596","targetHints":{"allow":["GET"]}}],"collection":[{"href":"https:\/\/www.promotio.sk\/sk\/wp-json\/wp\/v2\/product"}],"about":[{"href":"https:\/\/www.promotio.sk\/sk\/wp-json\/wp\/v2\/types\/product"}],"replies":[{"embeddable":true,"href":"https:\/\/www.promotio.sk\/sk\/wp-json\/wp\/v2\/comments?post=10596"}],"wp:featuredmedia":[{"embeddable":true,"href":"https:\/\/www.promotio.sk\/sk\/wp-json\/wp\/v2\/media\/10597"}],"wp:attachment":[{"href":"https:\/\/www.promotio.sk\/sk\/wp-json\/wp\/v2\/media?parent=10596"}],"wp:term":[{"taxonomy":"product_cat","embeddable":true,"href":"https:\/\/www.promotio.sk\/sk\/wp-json\/wp\/v2\/product_cat?post=10596"},{"taxonomy":"product_tag","embeddable":true,"href":"https:\/\/www.promotio.sk\/sk\/wp-json\/wp\/v2\/product_tag?post=10596"}],"curies":[{"name":"wp","href":"https:\/\/api.w.org\/{rel}","templated":true}]}}