{"id":10570,"date":"2024-03-07T09:51:35","date_gmt":"2024-03-07T08:51:35","guid":{"rendered":"https:\/\/www.promotio.sk\/shop\/nezaraden\u00e9\/yambi\/"},"modified":"2024-03-07T13:10:01","modified_gmt":"2024-03-07T12:10:01","slug":"yambi","status":"publish","type":"product","link":"https:\/\/www.promotio.sk\/sk\/shop\/promo-items\/writing_office\/writing-sets\/yambi\/","title":{"rendered":"YAMBI"},"content":{"rendered":"<p>Hrub\u00e1 4-kriedov\u00e1 s\u00faprava. Modr\u00e9, \u010derven\u00e9, zelen\u00e9 a \u017elt\u00e9 farby. <br \/>Pozn\u00e1mky: Prezent\u00e1cia v ekologickom boxe.<\/p>","protected":false},"excerpt":{"rendered":"<p>Thick 4-chalk set. Blue, red, green and yellow colours. Remarks: Presentation in eco box.<\/p>","protected":false},"featured_media":10571,"comment_status":"open","ping_status":"closed","template":"","meta":[],"product_cat":[39,273],"product_tag":[],"class_list":{"0":"post-10570","1":"product","2":"type-product","3":"status-publish","4":"has-post-thumbnail","6":"product_cat-writing_office","7":"product_cat-writing-sets","9":"first","10":"instock","11":"shipping-taxable","12":"purchasable","13":"product-type-variable"},"_links":{"self":[{"href":"https:\/\/www.promotio.sk\/sk\/wp-json\/wp\/v2\/product\/10570","targetHints":{"allow":["GET"]}}],"collection":[{"href":"https:\/\/www.promotio.sk\/sk\/wp-json\/wp\/v2\/product"}],"about":[{"href":"https:\/\/www.promotio.sk\/sk\/wp-json\/wp\/v2\/types\/product"}],"replies":[{"embeddable":true,"href":"https:\/\/www.promotio.sk\/sk\/wp-json\/wp\/v2\/comments?post=10570"}],"wp:featuredmedia":[{"embeddable":true,"href":"https:\/\/www.promotio.sk\/sk\/wp-json\/wp\/v2\/media\/10571"}],"wp:attachment":[{"href":"https:\/\/www.promotio.sk\/sk\/wp-json\/wp\/v2\/media?parent=10570"}],"wp:term":[{"taxonomy":"product_cat","embeddable":true,"href":"https:\/\/www.promotio.sk\/sk\/wp-json\/wp\/v2\/product_cat?post=10570"},{"taxonomy":"product_tag","embeddable":true,"href":"https:\/\/www.promotio.sk\/sk\/wp-json\/wp\/v2\/product_tag?post=10570"}],"curies":[{"name":"wp","href":"https:\/\/api.w.org\/{rel}","templated":true}]}}