{"id":10527,"date":"2024-03-07T09:49:19","date_gmt":"2024-03-07T08:49:19","guid":{"rendered":"https:\/\/www.promotio.sk\/shop\/nezaraden\u00e9\/grafix\/"},"modified":"2024-03-07T13:05:48","modified_gmt":"2024-03-07T12:05:48","slug":"grafix","status":"publish","type":"product","link":"https:\/\/www.promotio.sk\/sk\/shop\/promo-items\/writing_office\/pensils\/grafix\/","title":{"rendered":"GRAFIX"},"content":{"rendered":"<p>Multifunk\u010dn\u00e1 ceruzka s bambusov\u00fdm telom je v\u0161estrann\u00fd a udr\u017eate\u013en\u00fd n\u00e1stroj pre va\u0161e potreby p\u00edsania a \u010fal\u0161ie. Bambusov\u00e9 telo dod\u00e1va ceruzke prirodzen\u00fd a elegantn\u00fd vzh\u013ead a z\u00e1rove\u0148 je \u0161etrnou k \u017eivotn\u00e9mu prostrediu.<br \/>\nV\u010faka vymenite\u013en\u00e9mu nekone\u010dn\u00e9mu hrotu olova si m\u00f4\u017eete vychutna\u0165 plynul\u00e9 a presn\u00e9 p\u00edsanie bez toho, aby ste sa museli ob\u00e1va\u0165, \u017ee v\u00e1m d\u00f4jde olovo. V pr\u00edpade potreby jednoducho vyme\u0148te hrot a pokra\u010dujte v p\u00edsan\u00ed bez preru\u0161enia.<br \/>\nOkrem funkcie ceruzky m\u00e1 tento n\u00e1stroj aj funkciu prav\u00edtka. S merac\u00edmi zna\u010dkami vyryt\u00fdmi do bambusov\u00e9ho tela ho m\u00f4\u017eete pou\u017ei\u0165 ako prav\u00edtko na r\u00fdchle a presn\u00e9 merania.<br \/>\nCeruzka je tie\u017e vybaven\u00e1 dotykov\u00fdm ukazovate\u013eom na opa\u010dnom konci, ktor\u00fd v\u00e1m umo\u017e\u0148uje presne a pohodlne komunikova\u0165 so zariadeniami s dotykovou obrazovkou. \u010ci u\u017e potrebujete prezera\u0165, p\u00edsa\u0165 alebo kresli\u0165 na svojom smartf\u00f3ne alebo tablete, dotykov\u00fd ukazovate\u013e v\u00e1m poskytuje v\u00e4\u010d\u0161iu kontrolu. Kart\u00f3nov\u00fd vrch chr\u00e1ni \u0161pi\u010dku ceruzky, ke\u010f sa nepou\u017e\u00edva, a poskytuje udr\u017eate\u013en\u00fa a praktick\u00fa mo\u017enos\u0165, ako udr\u017ea\u0165 ceruzku v bezpe\u010d\u00ed.<br \/>Zlo\u017eenie: Bamb\u00fa<\/p>","protected":false},"excerpt":{"rendered":"<p>The multifunction pencil with bamboo body is a versatile and sustainable tool for your writing needs and more. The bamboo<\/p>","protected":false},"featured_media":10528,"comment_status":"open","ping_status":"closed","template":"","meta":[],"product_cat":[270,39],"product_tag":[],"class_list":{"0":"post-10527","1":"product","2":"type-product","3":"status-publish","4":"has-post-thumbnail","6":"product_cat-pensils","7":"product_cat-writing_office","9":"first","10":"instock","11":"shipping-taxable","12":"purchasable","13":"product-type-variable"},"_links":{"self":[{"href":"https:\/\/www.promotio.sk\/sk\/wp-json\/wp\/v2\/product\/10527","targetHints":{"allow":["GET"]}}],"collection":[{"href":"https:\/\/www.promotio.sk\/sk\/wp-json\/wp\/v2\/product"}],"about":[{"href":"https:\/\/www.promotio.sk\/sk\/wp-json\/wp\/v2\/types\/product"}],"replies":[{"embeddable":true,"href":"https:\/\/www.promotio.sk\/sk\/wp-json\/wp\/v2\/comments?post=10527"}],"wp:featuredmedia":[{"embeddable":true,"href":"https:\/\/www.promotio.sk\/sk\/wp-json\/wp\/v2\/media\/10528"}],"wp:attachment":[{"href":"https:\/\/www.promotio.sk\/sk\/wp-json\/wp\/v2\/media?parent=10527"}],"wp:term":[{"taxonomy":"product_cat","embeddable":true,"href":"https:\/\/www.promotio.sk\/sk\/wp-json\/wp\/v2\/product_cat?post=10527"},{"taxonomy":"product_tag","embeddable":true,"href":"https:\/\/www.promotio.sk\/sk\/wp-json\/wp\/v2\/product_tag?post=10527"}],"curies":[{"name":"wp","href":"https:\/\/api.w.org\/{rel}","templated":true}]}}