{"id":10525,"date":"2024-03-07T09:49:15","date_gmt":"2024-03-07T08:49:15","guid":{"rendered":"https:\/\/www.promotio.sk\/shop\/nezaraden\u00e9\/tezal\/"},"modified":"2024-03-07T13:06:10","modified_gmt":"2024-03-07T12:06:10","slug":"tezal","status":"publish","type":"product","link":"https:\/\/www.promotio.sk\/sk\/shop\/promo-items\/writing_office\/pensils\/tezal\/","title":{"rendered":"TEZAL"},"content":{"rendered":"<p>Ceruzka s telom z recyklovan\u00e9ho hlin\u00edka a gumou sp\u00e1ja udr\u017eate\u013enos\u0165, funk\u010dnos\u0165 a \u0161t\u00fdl v jedinom p\u00edsacom n\u00e1stroji. Recyklovan\u00e9 hlin\u00edkov\u00e9 telo dod\u00e1va ceruzke pevnos\u0165 a odolnos\u0165 a z\u00e1rove\u0148 prispieva k zn\u00ed\u017eeniu odpadu a starostlivosti o \u017eivotn\u00e9 prostredie.<\/p>\n<p>V\u010faka vymenite\u013en\u00e9mu nekone\u010dn\u00e9mu grafitov\u00e9mu hrotu v\u00e1m t\u00e1to ceruzka umo\u017e\u0148uje vychutna\u0165 si plynul\u00e9 a presn\u00e9 p\u00edsanie. U\u017e sa nikdy nebudete musie\u0165 ob\u00e1va\u0165, \u017ee v\u00e1m d\u00f4jde olovo, preto\u017ee hrot m\u00f4\u017eete v pr\u00edpade potreby jednoducho vymeni\u0165.<\/p>\n<p>Ceruzka m\u00e1 na jednom konci aj gumi\u010dku, ktor\u00e1 v\u00e1m umo\u017en\u00ed r\u00fdchlo a jednoducho opravi\u0165 chyby. \u010ci u\u017e potrebujete vymaza\u0165 mal\u00fa chybu alebo urobi\u0165 zmeny vo svojich v\u00fdkresoch, vstavan\u00e1 guma v\u00e1m pom\u00f4\u017ee.<\/p>\n<p>Okrem propag\u00e1cie va\u0161ej spolo\u010dnosti alebo podnikania je t\u00e1to ceruzka s telom z recyklovan\u00e9ho hlin\u00edka a gumou vedomou a elegantnou vo\u013ebou. U\u017eite si plynul\u00e9, nekone\u010dn\u00e9 p\u00edsanie a z\u00e1rove\u0148 pom\u00e1hajte chr\u00e1ni\u0165 plan\u00e9tu.<br \/>Zlo\u017eenie: Recyklovan\u00fd hlin\u00edk<br \/>Pozn\u00e1mky: Prezent\u00e1cia v recyklovanom vrecku.<\/p>","protected":false},"excerpt":{"rendered":"<p>The pencil with recycled aluminium body and rubber combines sustainability, functionality and style in a single writing tool. The recycled<\/p>","protected":false},"featured_media":10526,"comment_status":"open","ping_status":"closed","template":"","meta":[],"product_cat":[270,39],"product_tag":[],"class_list":{"0":"post-10525","1":"product","2":"type-product","3":"status-publish","4":"has-post-thumbnail","6":"product_cat-pensils","7":"product_cat-writing_office","9":"first","10":"instock","11":"shipping-taxable","12":"purchasable","13":"product-type-variable"},"_links":{"self":[{"href":"https:\/\/www.promotio.sk\/sk\/wp-json\/wp\/v2\/product\/10525","targetHints":{"allow":["GET"]}}],"collection":[{"href":"https:\/\/www.promotio.sk\/sk\/wp-json\/wp\/v2\/product"}],"about":[{"href":"https:\/\/www.promotio.sk\/sk\/wp-json\/wp\/v2\/types\/product"}],"replies":[{"embeddable":true,"href":"https:\/\/www.promotio.sk\/sk\/wp-json\/wp\/v2\/comments?post=10525"}],"wp:featuredmedia":[{"embeddable":true,"href":"https:\/\/www.promotio.sk\/sk\/wp-json\/wp\/v2\/media\/10526"}],"wp:attachment":[{"href":"https:\/\/www.promotio.sk\/sk\/wp-json\/wp\/v2\/media?parent=10525"}],"wp:term":[{"taxonomy":"product_cat","embeddable":true,"href":"https:\/\/www.promotio.sk\/sk\/wp-json\/wp\/v2\/product_cat?post=10525"},{"taxonomy":"product_tag","embeddable":true,"href":"https:\/\/www.promotio.sk\/sk\/wp-json\/wp\/v2\/product_tag?post=10525"}],"curies":[{"name":"wp","href":"https:\/\/api.w.org\/{rel}","templated":true}]}}