{"id":10512,"date":"2024-03-07T09:48:35","date_gmt":"2024-03-07T08:48:35","guid":{"rendered":"https:\/\/www.promotio.sk\/shop\/nezaraden\u00e9\/konax\/"},"modified":"2024-03-07T13:06:25","modified_gmt":"2024-03-07T12:06:25","slug":"konax","status":"publish","type":"product","link":"https:\/\/www.promotio.sk\/sk\/shop\/promo-items\/writing_office\/pensils\/konax\/","title":{"rendered":"KONAX"},"content":{"rendered":"<p>Ceruzka s matn\u00fdm \u010diernym telom z kovu a dreva je \u0161t\u00fdlovou a sofistikovanou vo\u013ebou pre va\u0161e p\u00edsacie \u00falohy. Kombin\u00e1cia kovov\u00e9ho korpusu s drevom mu dod\u00e1va osobit\u00fd a modern\u00fd vzh\u013ead.<br \/>\nV\u010faka integrovanej gume na jednom konci v\u00e1m t\u00e1to ceruzka umo\u017e\u0148uje r\u00fdchlo a jednoducho opravi\u0165 chyby. Guma hladko k\u013a\u017ee po papieri, \u010do v\u00e1m umo\u017e\u0148uje vymaza\u0165 nechcen\u00e9 \u0165ahy alebo upravova\u0165 kresby alebo p\u00edsanie.<br \/>\nMatn\u00e9 \u010dierne telo z kovu a dreva dod\u00e1va ceruzke hladk\u00fd a elegantn\u00fd povrch a poskytuje pohodln\u00e9 a presn\u00e9 p\u00edsanie. Jeho \u0161tylizovan\u00fd dizajn umo\u017e\u0148uje pevn\u00e9 a kontrolovan\u00e9 uchopenie, \u010do v\u00e1m umo\u017en\u00ed vytv\u00e1ra\u0165 presn\u00e9 a \u010ditate\u013en\u00e9 \u0165ahy.<br \/>\nT\u00e1to ceruzka je ide\u00e1lna na osobn\u00e9 pou\u017eitie aj na darovanie niekomu \u0161peci\u00e1lnemu. Jeho modern\u00fd a sofistikovan\u00fd vzh\u013ead z neho rob\u00ed jedine\u010dn\u00fd a p\u00fatav\u00fd doplnok na p\u00edsanie.<br \/>Zlo\u017eenie: Madera<\/p>","protected":false},"excerpt":{"rendered":"<p>The pencil with a matte black metal and wood body is a stylish and sophisticated choice for your writing tasks.<\/p>","protected":false},"featured_media":10513,"comment_status":"open","ping_status":"closed","template":"","meta":[],"product_cat":[270,39],"product_tag":[],"class_list":{"0":"post-10512","1":"product","2":"type-product","3":"status-publish","4":"has-post-thumbnail","6":"product_cat-pensils","7":"product_cat-writing_office","9":"first","10":"instock","11":"shipping-taxable","12":"purchasable","13":"product-type-variable"},"_links":{"self":[{"href":"https:\/\/www.promotio.sk\/sk\/wp-json\/wp\/v2\/product\/10512","targetHints":{"allow":["GET"]}}],"collection":[{"href":"https:\/\/www.promotio.sk\/sk\/wp-json\/wp\/v2\/product"}],"about":[{"href":"https:\/\/www.promotio.sk\/sk\/wp-json\/wp\/v2\/types\/product"}],"replies":[{"embeddable":true,"href":"https:\/\/www.promotio.sk\/sk\/wp-json\/wp\/v2\/comments?post=10512"}],"wp:featuredmedia":[{"embeddable":true,"href":"https:\/\/www.promotio.sk\/sk\/wp-json\/wp\/v2\/media\/10513"}],"wp:attachment":[{"href":"https:\/\/www.promotio.sk\/sk\/wp-json\/wp\/v2\/media?parent=10512"}],"wp:term":[{"taxonomy":"product_cat","embeddable":true,"href":"https:\/\/www.promotio.sk\/sk\/wp-json\/wp\/v2\/product_cat?post=10512"},{"taxonomy":"product_tag","embeddable":true,"href":"https:\/\/www.promotio.sk\/sk\/wp-json\/wp\/v2\/product_tag?post=10512"}],"curies":[{"name":"wp","href":"https:\/\/api.w.org\/{rel}","templated":true}]}}