{"id":10459,"date":"2024-03-07T09:45:32","date_gmt":"2024-03-07T08:45:32","guid":{"rendered":"https:\/\/www.promotio.sk\/shop\/nezaraden\u00e9\/gryfin\/"},"modified":"2024-03-07T13:06:40","modified_gmt":"2024-03-07T12:06:40","slug":"gryfin","status":"publish","type":"product","link":"https:\/\/www.promotio.sk\/sk\/shop\/promo-items\/writing_office\/pensils\/gryfin\/","title":{"rendered":"GRYFIN"},"content":{"rendered":"<p>Biela dreven\u00e1 antibakteri\u00e1lna ceruzka s gumou dostupn\u00e1 v r\u00f4znych farb\u00e1ch. Antibakteri\u00e1lne logo vytla\u010den\u00e9 na hornej \u010dasti ceruzky.<br \/>Zlo\u017eenie: Drevo s antibakteri\u00e1lnym n\u00e1terom.<\/p>","protected":false},"excerpt":{"rendered":"<p>White wooden antibacterial pencil, with rubber available in different colours. Antibacterial logo printed on the upper part of the pencil.Composition:<\/p>","protected":false},"featured_media":10460,"comment_status":"open","ping_status":"closed","template":"","meta":[],"product_cat":[270,39],"product_tag":[],"class_list":{"0":"post-10459","1":"product","2":"type-product","3":"status-publish","4":"has-post-thumbnail","6":"product_cat-pensils","7":"product_cat-writing_office","9":"first","10":"instock","11":"shipping-taxable","12":"purchasable","13":"product-type-variable"},"_links":{"self":[{"href":"https:\/\/www.promotio.sk\/sk\/wp-json\/wp\/v2\/product\/10459","targetHints":{"allow":["GET"]}}],"collection":[{"href":"https:\/\/www.promotio.sk\/sk\/wp-json\/wp\/v2\/product"}],"about":[{"href":"https:\/\/www.promotio.sk\/sk\/wp-json\/wp\/v2\/types\/product"}],"replies":[{"embeddable":true,"href":"https:\/\/www.promotio.sk\/sk\/wp-json\/wp\/v2\/comments?post=10459"}],"wp:featuredmedia":[{"embeddable":true,"href":"https:\/\/www.promotio.sk\/sk\/wp-json\/wp\/v2\/media\/10460"}],"wp:attachment":[{"href":"https:\/\/www.promotio.sk\/sk\/wp-json\/wp\/v2\/media?parent=10459"}],"wp:term":[{"taxonomy":"product_cat","embeddable":true,"href":"https:\/\/www.promotio.sk\/sk\/wp-json\/wp\/v2\/product_cat?post=10459"},{"taxonomy":"product_tag","embeddable":true,"href":"https:\/\/www.promotio.sk\/sk\/wp-json\/wp\/v2\/product_tag?post=10459"}],"curies":[{"name":"wp","href":"https:\/\/api.w.org\/{rel}","templated":true}]}}