{"id":10422,"date":"2024-03-07T09:43:27","date_gmt":"2024-03-07T08:43:27","guid":{"rendered":"https:\/\/www.promotio.sk\/shop\/nezaraden\u00e9\/araya\/"},"modified":"2024-03-07T13:02:48","modified_gmt":"2024-03-07T12:02:48","slug":"araya","status":"publish","type":"product","link":"https:\/\/www.promotio.sk\/sk\/shop\/promo-items\/writing_office\/pens\/araya\/","title":{"rendered":"ARAYA"},"content":{"rendered":"<p>Gu\u013e\u00f4\u010dkov\u00e9 pero s LED baterkou, dostupn\u00e9 v r\u00f4znych farb\u00e1ch s kovov\u00fdm povrchom a tla\u010didlom v \u010diernej farbe. Vstavan\u00e1 karab\u00edna v \u010diapke. N\u00e1pl\u0148 modr\u00e9ho atramentu.<br \/>Zlo\u017eenie: Plast<br \/>Pozn\u00e1mky: Vr\u00e1tane gomb\u00edkov\u00fdch bat\u00e9ri\u00ed.<\/p>","protected":false},"excerpt":{"rendered":"<p>Ball pen with LED flashlight, available in different metal finish colours and push button in black. In-built carabiner in cap.<\/p>","protected":false},"featured_media":10423,"comment_status":"open","ping_status":"closed","template":"","meta":[],"product_cat":[205,39],"product_tag":[],"class_list":{"0":"post-10422","1":"product","2":"type-product","3":"status-publish","4":"has-post-thumbnail","6":"product_cat-pens","7":"product_cat-writing_office","9":"first","10":"instock","11":"shipping-taxable","12":"purchasable","13":"product-type-variable"},"_links":{"self":[{"href":"https:\/\/www.promotio.sk\/sk\/wp-json\/wp\/v2\/product\/10422","targetHints":{"allow":["GET"]}}],"collection":[{"href":"https:\/\/www.promotio.sk\/sk\/wp-json\/wp\/v2\/product"}],"about":[{"href":"https:\/\/www.promotio.sk\/sk\/wp-json\/wp\/v2\/types\/product"}],"replies":[{"embeddable":true,"href":"https:\/\/www.promotio.sk\/sk\/wp-json\/wp\/v2\/comments?post=10422"}],"wp:featuredmedia":[{"embeddable":true,"href":"https:\/\/www.promotio.sk\/sk\/wp-json\/wp\/v2\/media\/10423"}],"wp:attachment":[{"href":"https:\/\/www.promotio.sk\/sk\/wp-json\/wp\/v2\/media?parent=10422"}],"wp:term":[{"taxonomy":"product_cat","embeddable":true,"href":"https:\/\/www.promotio.sk\/sk\/wp-json\/wp\/v2\/product_cat?post=10422"},{"taxonomy":"product_tag","embeddable":true,"href":"https:\/\/www.promotio.sk\/sk\/wp-json\/wp\/v2\/product_tag?post=10422"}],"curies":[{"name":"wp","href":"https:\/\/api.w.org\/{rel}","templated":true}]}}