{"id":10411,"date":"2024-03-07T08:00:01","date_gmt":"2024-03-07T07:00:01","guid":{"rendered":"https:\/\/www.promotio.sk\/shop\/nezaraden\u00e9\/king\/"},"modified":"2024-03-19T09:49:45","modified_gmt":"2024-03-19T08:49:45","slug":"king","status":"publish","type":"product","link":"https:\/\/www.promotio.sk\/sk\/shop\/promo-items\/christmas\/candles\/king\/","title":{"rendered":"KR\u00c1\u013d"},"content":{"rendered":"<p>Svie\u010dka s v\u00f4\u0148ou vanilky v okr\u00fahlej keramickej n\u00e1dobe z \u010diernej bridlice. Vr\u00e1tane kriedy na p\u00edsanie na adres\u00e1ta. Biela svie\u010dka a kn\u00f4t. Vanilkov\u00e1 v\u00f4\u0148a.<br \/>Zlo\u017eenie: Paraf\u00edn, keramick\u00e1 bridlica a krieda.<br \/>Pozn\u00e1mky: Hmotnos\u0165 kriedy: 3,2 g.<br \/>\nPrezent\u00e1cia v kraft kart\u00f3novej krabici.<\/p>","protected":false},"excerpt":{"rendered":"<p>Vanilla-scented candle in a round ceramic black slate recipient. Chalk to write on the recipient included. White candle and wick.<\/p>","protected":false},"featured_media":10412,"comment_status":"open","ping_status":"closed","template":"","meta":[],"product_cat":[613,611,252,251],"product_tag":[],"class_list":{"0":"post-10411","1":"product","2":"type-product","3":"status-publish","4":"has-post-thumbnail","6":"product_cat-candles","7":"product_cat-christmas","8":"product_cat-decoration_games","9":"product_cat-home_gifts","11":"first","12":"instock","13":"shipping-taxable","14":"purchasable","15":"product-type-variable"},"_links":{"self":[{"href":"https:\/\/www.promotio.sk\/sk\/wp-json\/wp\/v2\/product\/10411","targetHints":{"allow":["GET"]}}],"collection":[{"href":"https:\/\/www.promotio.sk\/sk\/wp-json\/wp\/v2\/product"}],"about":[{"href":"https:\/\/www.promotio.sk\/sk\/wp-json\/wp\/v2\/types\/product"}],"replies":[{"embeddable":true,"href":"https:\/\/www.promotio.sk\/sk\/wp-json\/wp\/v2\/comments?post=10411"}],"wp:featuredmedia":[{"embeddable":true,"href":"https:\/\/www.promotio.sk\/sk\/wp-json\/wp\/v2\/media\/10412"}],"wp:attachment":[{"href":"https:\/\/www.promotio.sk\/sk\/wp-json\/wp\/v2\/media?parent=10411"}],"wp:term":[{"taxonomy":"product_cat","embeddable":true,"href":"https:\/\/www.promotio.sk\/sk\/wp-json\/wp\/v2\/product_cat?post=10411"},{"taxonomy":"product_tag","embeddable":true,"href":"https:\/\/www.promotio.sk\/sk\/wp-json\/wp\/v2\/product_tag?post=10411"}],"curies":[{"name":"wp","href":"https:\/\/api.w.org\/{rel}","templated":true}]}}