{"id":10384,"date":"2024-03-07T07:57:48","date_gmt":"2024-03-07T06:57:48","guid":{"rendered":"https:\/\/www.promotio.sk\/shop\/nezaraden\u00e9\/delax\/"},"modified":"2024-03-19T09:47:02","modified_gmt":"2024-03-19T08:47:02","slug":"delax","status":"publish","type":"product","link":"https:\/\/www.promotio.sk\/sk\/shop\/promo-items\/christmas\/candles\/delax\/","title":{"rendered":"DELAX"},"content":{"rendered":"<p>Citronelov\u00e1 svie\u010dka proti kom\u00e1rom do interi\u00e9ru aj exteri\u00e9ru.<br \/>Zlo\u017eenie: Hlin\u00edk<\/p>","protected":false},"excerpt":{"rendered":"<p>Anti-mosquitoes citronella candle for interiors and exteriors.Composition: Aluminio<\/p>","protected":false},"featured_media":10385,"comment_status":"open","ping_status":"closed","template":"","meta":[],"product_cat":[613,611,252,251],"product_tag":[],"class_list":{"0":"post-10384","1":"product","2":"type-product","3":"status-publish","4":"has-post-thumbnail","6":"product_cat-candles","7":"product_cat-christmas","8":"product_cat-decoration_games","9":"product_cat-home_gifts","11":"first","12":"instock","13":"shipping-taxable","14":"purchasable","15":"product-type-variable"},"_links":{"self":[{"href":"https:\/\/www.promotio.sk\/sk\/wp-json\/wp\/v2\/product\/10384","targetHints":{"allow":["GET"]}}],"collection":[{"href":"https:\/\/www.promotio.sk\/sk\/wp-json\/wp\/v2\/product"}],"about":[{"href":"https:\/\/www.promotio.sk\/sk\/wp-json\/wp\/v2\/types\/product"}],"replies":[{"embeddable":true,"href":"https:\/\/www.promotio.sk\/sk\/wp-json\/wp\/v2\/comments?post=10384"}],"wp:featuredmedia":[{"embeddable":true,"href":"https:\/\/www.promotio.sk\/sk\/wp-json\/wp\/v2\/media\/10385"}],"wp:attachment":[{"href":"https:\/\/www.promotio.sk\/sk\/wp-json\/wp\/v2\/media?parent=10384"}],"wp:term":[{"taxonomy":"product_cat","embeddable":true,"href":"https:\/\/www.promotio.sk\/sk\/wp-json\/wp\/v2\/product_cat?post=10384"},{"taxonomy":"product_tag","embeddable":true,"href":"https:\/\/www.promotio.sk\/sk\/wp-json\/wp\/v2\/product_tag?post=10384"}],"curies":[{"name":"wp","href":"https:\/\/api.w.org\/{rel}","templated":true}]}}