{"id":10376,"date":"2024-03-07T07:57:05","date_gmt":"2024-03-07T06:57:05","guid":{"rendered":"https:\/\/www.promotio.sk\/shop\/nezaraden\u00e9\/vanila\/"},"modified":"2024-03-19T09:48:18","modified_gmt":"2024-03-19T08:48:18","slug":"vanila","status":"publish","type":"product","link":"https:\/\/www.promotio.sk\/sk\/shop\/promo-items\/christmas\/candles\/vanila\/","title":{"rendered":"VANILA"},"content":{"rendered":"<p>Vonn\u00e1 svie\u010dka v priesvitnom skle s bambusov\u00fdm vie\u010dkom. Vanilkov\u00e1 v\u00f4\u0148a. <br \/>Zlo\u017eenie: sklo a bambus.<br \/>Pozn\u00e1mky: Prezent\u00e1cia v ekologickom dizajnovom boxe.<br \/>\n*Farebn\u00fd odtie\u0148 pr\u00edrodn\u00e9ho vosku sa m\u00f4\u017ee l\u00ed\u0161i\u0165 v d\u00f4sledku vlastnej povahy materi\u00e1lu.<\/p>","protected":false},"excerpt":{"rendered":"<p>Scented candle in a translucent glass with bamboo lid. Vanilla scent. Composition: Glass and bamboo.Remarks: Presentation in eco design box.<\/p>","protected":false},"featured_media":10377,"comment_status":"open","ping_status":"closed","template":"","meta":[],"product_cat":[613,611,252,251],"product_tag":[],"class_list":{"0":"post-10376","1":"product","2":"type-product","3":"status-publish","4":"has-post-thumbnail","6":"product_cat-candles","7":"product_cat-christmas","8":"product_cat-decoration_games","9":"product_cat-home_gifts","11":"first","12":"instock","13":"shipping-taxable","14":"purchasable","15":"product-type-variable"},"_links":{"self":[{"href":"https:\/\/www.promotio.sk\/sk\/wp-json\/wp\/v2\/product\/10376","targetHints":{"allow":["GET"]}}],"collection":[{"href":"https:\/\/www.promotio.sk\/sk\/wp-json\/wp\/v2\/product"}],"about":[{"href":"https:\/\/www.promotio.sk\/sk\/wp-json\/wp\/v2\/types\/product"}],"replies":[{"embeddable":true,"href":"https:\/\/www.promotio.sk\/sk\/wp-json\/wp\/v2\/comments?post=10376"}],"wp:featuredmedia":[{"embeddable":true,"href":"https:\/\/www.promotio.sk\/sk\/wp-json\/wp\/v2\/media\/10377"}],"wp:attachment":[{"href":"https:\/\/www.promotio.sk\/sk\/wp-json\/wp\/v2\/media?parent=10376"}],"wp:term":[{"taxonomy":"product_cat","embeddable":true,"href":"https:\/\/www.promotio.sk\/sk\/wp-json\/wp\/v2\/product_cat?post=10376"},{"taxonomy":"product_tag","embeddable":true,"href":"https:\/\/www.promotio.sk\/sk\/wp-json\/wp\/v2\/product_tag?post=10376"}],"curies":[{"name":"wp","href":"https:\/\/api.w.org\/{rel}","templated":true}]}}