{"id":10369,"date":"2024-03-07T07:56:27","date_gmt":"2024-03-07T06:56:27","guid":{"rendered":"https:\/\/www.promotio.sk\/shop\/nezaraden\u00e9\/surna\/"},"modified":"2024-03-19T09:47:34","modified_gmt":"2024-03-19T08:47:34","slug":"surna","status":"publish","type":"product","link":"https:\/\/www.promotio.sk\/sk\/shop\/promo-items\/christmas\/candles\/surna\/","title":{"rendered":"SURNA"},"content":{"rendered":"<p>Vonn\u00e1 svie\u010dka v sklenenej n\u00e1dobe s korkov\u00fdm vrchn\u00e1kom. Vanilkov\u00e1 v\u00f4\u0148a. Vr\u00e1tane kart\u00f3nu z sulf\u00e1tovej lepenky na potla\u010d.<br \/>Zlo\u017eenie: Sklo a korok.<br \/>Pozn\u00e1mky: Prezent\u00e1cia v ekologickom dizajnovom boxe.<\/p>","protected":false},"excerpt":{"rendered":"<p>Scented candle in a glass recipient with cork lid. Vanilla scent. Kraft cardboard card for printing included.Composition: Glass and cork.Remarks:<\/p>","protected":false},"featured_media":10370,"comment_status":"open","ping_status":"closed","template":"","meta":[],"product_cat":[613,611,252,251],"product_tag":[],"class_list":{"0":"post-10369","1":"product","2":"type-product","3":"status-publish","4":"has-post-thumbnail","6":"product_cat-candles","7":"product_cat-christmas","8":"product_cat-decoration_games","9":"product_cat-home_gifts","11":"first","12":"instock","13":"shipping-taxable","14":"purchasable","15":"product-type-variable"},"_links":{"self":[{"href":"https:\/\/www.promotio.sk\/sk\/wp-json\/wp\/v2\/product\/10369","targetHints":{"allow":["GET"]}}],"collection":[{"href":"https:\/\/www.promotio.sk\/sk\/wp-json\/wp\/v2\/product"}],"about":[{"href":"https:\/\/www.promotio.sk\/sk\/wp-json\/wp\/v2\/types\/product"}],"replies":[{"embeddable":true,"href":"https:\/\/www.promotio.sk\/sk\/wp-json\/wp\/v2\/comments?post=10369"}],"wp:featuredmedia":[{"embeddable":true,"href":"https:\/\/www.promotio.sk\/sk\/wp-json\/wp\/v2\/media\/10370"}],"wp:attachment":[{"href":"https:\/\/www.promotio.sk\/sk\/wp-json\/wp\/v2\/media?parent=10369"}],"wp:term":[{"taxonomy":"product_cat","embeddable":true,"href":"https:\/\/www.promotio.sk\/sk\/wp-json\/wp\/v2\/product_cat?post=10369"},{"taxonomy":"product_tag","embeddable":true,"href":"https:\/\/www.promotio.sk\/sk\/wp-json\/wp\/v2\/product_tag?post=10369"}],"curies":[{"name":"wp","href":"https:\/\/api.w.org\/{rel}","templated":true}]}}