{"id":10345,"date":"2024-03-07T07:54:27","date_gmt":"2024-03-07T06:54:27","guid":{"rendered":"https:\/\/www.promotio.sk\/shop\/nezaraden\u00e9\/kimi\/"},"modified":"2024-03-19T09:50:55","modified_gmt":"2024-03-19T08:50:55","slug":"kimi","status":"publish","type":"product","link":"https:\/\/www.promotio.sk\/sk\/shop\/promo-items\/christmas\/candles\/kimi\/","title":{"rendered":"KIMI"},"content":{"rendered":"<p>Vonn\u00e1 svie\u010dka vo farebnom sklenenom n\u00e1dobe s r\u00f4znymi v\u00f4\u0148ami (k\u00e1va, borovica, levandu\u013ea, vanilka a jahoda). <br \/>Zlo\u017eenie: sklo a paraf\u00edn.<br \/>Pozn\u00e1mky: Prezent\u00e1cia v samostatnej krabici.<\/p>\n<p>Dostupn\u00e9 v\u00f4ne svie\u010dok:<br \/>\n- Biela farba: levandu\u013ea.<br \/>\n- \u010cerven\u00e1 farba: Jahoda.<br \/>\n- Zlat\u00e1 farba: vanilka.<br \/>\n\u2013 Strieborn\u00e1 farba: Borovica.<br \/>\n- \u010cierna farba: k\u00e1va. <\/p>","protected":false},"excerpt":{"rendered":"<p>Scented candle in a colour glass recipient with different scents (coffee, pine, lavender, vanilla and strawberry). Composition: Glass and parafine.Remarks:<\/p>","protected":false},"featured_media":10346,"comment_status":"open","ping_status":"closed","template":"","meta":[],"product_cat":[613,611,252,251],"product_tag":[],"class_list":{"0":"post-10345","1":"product","2":"type-product","3":"status-publish","4":"has-post-thumbnail","6":"product_cat-candles","7":"product_cat-christmas","8":"product_cat-decoration_games","9":"product_cat-home_gifts","11":"first","12":"instock","13":"shipping-taxable","14":"purchasable","15":"product-type-variable"},"_links":{"self":[{"href":"https:\/\/www.promotio.sk\/sk\/wp-json\/wp\/v2\/product\/10345","targetHints":{"allow":["GET"]}}],"collection":[{"href":"https:\/\/www.promotio.sk\/sk\/wp-json\/wp\/v2\/product"}],"about":[{"href":"https:\/\/www.promotio.sk\/sk\/wp-json\/wp\/v2\/types\/product"}],"replies":[{"embeddable":true,"href":"https:\/\/www.promotio.sk\/sk\/wp-json\/wp\/v2\/comments?post=10345"}],"wp:featuredmedia":[{"embeddable":true,"href":"https:\/\/www.promotio.sk\/sk\/wp-json\/wp\/v2\/media\/10346"}],"wp:attachment":[{"href":"https:\/\/www.promotio.sk\/sk\/wp-json\/wp\/v2\/media?parent=10345"}],"wp:term":[{"taxonomy":"product_cat","embeddable":true,"href":"https:\/\/www.promotio.sk\/sk\/wp-json\/wp\/v2\/product_cat?post=10345"},{"taxonomy":"product_tag","embeddable":true,"href":"https:\/\/www.promotio.sk\/sk\/wp-json\/wp\/v2\/product_tag?post=10345"}],"curies":[{"name":"wp","href":"https:\/\/api.w.org\/{rel}","templated":true}]}}