{"id":10336,"date":"2024-03-07T07:53:40","date_gmt":"2024-03-07T06:53:40","guid":{"rendered":"https:\/\/www.promotio.sk\/shop\/nezaraden\u00e9\/rocix\/"},"modified":"2024-03-19T09:46:21","modified_gmt":"2024-03-19T08:46:21","slug":"rocix","status":"publish","type":"product","link":"https:\/\/www.promotio.sk\/sk\/shop\/promo-items\/christmas\/candles\/rocix\/","title":{"rendered":"ROCIX"},"content":{"rendered":"<p>Vonn\u00e1 svie\u010dka v sklenenej miske s bambusov\u00fdm vie\u010dkom je elegantnou a ekologickou mo\u017enos\u0165ou na vytvorenie teplej a pr\u00edjemnej atmosf\u00e9ry vo va\u0161om dome. T\u00e1to svie\u010dka m\u00e1 \u0161tvorcov\u00fd tvar a m\u00e1 pr\u00edjemn\u00fa vanilkov\u00fa v\u00f4\u0148u, ktor\u00e1 zapln\u00ed priestor svojou sladkou v\u00f4\u0148ou.<br \/>\nSklenen\u00e1 misa dod\u00e1va svie\u010dke sofistikovan\u00fd n\u00e1dych a umo\u017e\u0148uje, aby sa svetlo plame\u0148a odr\u00e1\u017ealo jemn\u00fdm a jemn\u00fdm sp\u00f4sobom. Bambusov\u00e9 vie\u010dko dod\u00e1va svie\u010dke nielen pr\u00edrodn\u00fd a dekorat\u00edvny prvok, ale tie\u017e pom\u00e1ha udr\u017eiava\u0165 v\u00f4\u0148u svie\u010dky, ke\u010f sa nepou\u017e\u00edva.<\/p>\n<p>Ke\u010f svie\u010dku zap\u00e1lite, vychutn\u00e1te si jej jemn\u00fa a obklopuj\u00facu vanilkov\u00fa v\u00f4\u0148u, ktor\u00e1 vytv\u00e1ra relaxa\u010dn\u00fa a upokojuj\u00facu atmosf\u00e9ru. Vonn\u00e1 svie\u010dka v sklenenej miske a bambusovom vrchn\u00e1ku okrem pr\u00edjemnej ar\u00f3my dod\u00e1 ka\u017ed\u00e9mu priestoru, \u010di u\u017e v ob\u00fdva\u010dke, sp\u00e1lni alebo k\u00fape\u013eni, aj dekorat\u00edvny n\u00e1dych.<br \/>Zlo\u017eenie: Cristal y bamb\u00fa.<br \/>Pozn\u00e1mky: Presentaci\u00f3n en caja dise\u00f1o eco. <\/p>","protected":false},"excerpt":{"rendered":"<p>The scented candle in a glass bowl with a bamboo lid is an elegant and eco-friendly option to create a<\/p>","protected":false},"featured_media":10337,"comment_status":"open","ping_status":"closed","template":"","meta":[],"product_cat":[613,611,252,251],"product_tag":[],"class_list":{"0":"post-10336","1":"product","2":"type-product","3":"status-publish","4":"has-post-thumbnail","6":"product_cat-candles","7":"product_cat-christmas","8":"product_cat-decoration_games","9":"product_cat-home_gifts","11":"first","12":"instock","13":"shipping-taxable","14":"purchasable","15":"product-type-variable"},"_links":{"self":[{"href":"https:\/\/www.promotio.sk\/sk\/wp-json\/wp\/v2\/product\/10336","targetHints":{"allow":["GET"]}}],"collection":[{"href":"https:\/\/www.promotio.sk\/sk\/wp-json\/wp\/v2\/product"}],"about":[{"href":"https:\/\/www.promotio.sk\/sk\/wp-json\/wp\/v2\/types\/product"}],"replies":[{"embeddable":true,"href":"https:\/\/www.promotio.sk\/sk\/wp-json\/wp\/v2\/comments?post=10336"}],"wp:featuredmedia":[{"embeddable":true,"href":"https:\/\/www.promotio.sk\/sk\/wp-json\/wp\/v2\/media\/10337"}],"wp:attachment":[{"href":"https:\/\/www.promotio.sk\/sk\/wp-json\/wp\/v2\/media?parent=10336"}],"wp:term":[{"taxonomy":"product_cat","embeddable":true,"href":"https:\/\/www.promotio.sk\/sk\/wp-json\/wp\/v2\/product_cat?post=10336"},{"taxonomy":"product_tag","embeddable":true,"href":"https:\/\/www.promotio.sk\/sk\/wp-json\/wp\/v2\/product_tag?post=10336"}],"curies":[{"name":"wp","href":"https:\/\/api.w.org\/{rel}","templated":true}]}}