{"id":10328,"date":"2024-03-07T07:52:55","date_gmt":"2024-03-07T06:52:55","guid":{"rendered":"https:\/\/www.promotio.sk\/shop\/nezaraden\u00e9\/karpe\/"},"modified":"2024-03-07T08:54:51","modified_gmt":"2024-03-07T07:54:51","slug":"karpe","status":"publish","type":"product","link":"https:\/\/www.promotio.sk\/sk\/shop\/promo-items\/home_gifts\/decoration_games\/karpe\/","title":{"rendered":"KARPE"},"content":{"rendered":"<p>Bambusov\u00e9 n\u00e1stenn\u00e9 hodiny vo vintage dizajne s \u010diernymi \u010d\u00edslicami a ru\u010di\u010dkami. 1 AA bat\u00e9ria, nie je s\u00fa\u010das\u0165ou balenia. Prezent\u00e1cia v eko boxe.<br \/>Zlo\u017eenie: Bamb\u00fa<br \/>Pozn\u00e1mky: Presentado en caja eco.<\/p>","protected":false},"excerpt":{"rendered":"<p>Bamboo wall clock in a vintage design with black numbers and hands. 1 AA battery, not included. Presentation in eco<\/p>","protected":false},"featured_media":10329,"comment_status":"open","ping_status":"closed","template":"","meta":[],"product_cat":[252,251],"product_tag":[],"class_list":{"0":"post-10328","1":"product","2":"type-product","3":"status-publish","4":"has-post-thumbnail","6":"product_cat-decoration_games","7":"product_cat-home_gifts","9":"first","10":"instock","11":"shipping-taxable","12":"purchasable","13":"product-type-variable"},"_links":{"self":[{"href":"https:\/\/www.promotio.sk\/sk\/wp-json\/wp\/v2\/product\/10328","targetHints":{"allow":["GET"]}}],"collection":[{"href":"https:\/\/www.promotio.sk\/sk\/wp-json\/wp\/v2\/product"}],"about":[{"href":"https:\/\/www.promotio.sk\/sk\/wp-json\/wp\/v2\/types\/product"}],"replies":[{"embeddable":true,"href":"https:\/\/www.promotio.sk\/sk\/wp-json\/wp\/v2\/comments?post=10328"}],"wp:featuredmedia":[{"embeddable":true,"href":"https:\/\/www.promotio.sk\/sk\/wp-json\/wp\/v2\/media\/10329"}],"wp:attachment":[{"href":"https:\/\/www.promotio.sk\/sk\/wp-json\/wp\/v2\/media?parent=10328"}],"wp:term":[{"taxonomy":"product_cat","embeddable":true,"href":"https:\/\/www.promotio.sk\/sk\/wp-json\/wp\/v2\/product_cat?post=10328"},{"taxonomy":"product_tag","embeddable":true,"href":"https:\/\/www.promotio.sk\/sk\/wp-json\/wp\/v2\/product_tag?post=10328"}],"curies":[{"name":"wp","href":"https:\/\/api.w.org\/{rel}","templated":true}]}}