{"id":10323,"date":"2024-03-07T01:34:10","date_gmt":"2024-03-07T00:34:10","guid":{"rendered":"https:\/\/www.promotio.sk\/shop\/nezaraden\u00e9\/edam\/"},"modified":"2024-03-07T08:59:40","modified_gmt":"2024-03-07T07:59:40","slug":"edam","status":"publish","type":"product","link":"https:\/\/www.promotio.sk\/sk\/shop\/promo-items\/kitchen\/cheese_wine\/edam\/","title":{"rendered":"EDAM"},"content":{"rendered":"<p>Syrov\u00e1 s\u00faprava so 4 pr\u00edbormi z nehrdzavej\u00facej ocele a drevenou rukov\u00e4\u0165ou. Prezent\u00e1cia v elegantnom puzdre s vn\u00fatorn\u00fdm polstrovan\u00edm.<br \/>\n<br \/>Zlo\u017eenie: drevo a nehrdzavej\u00faca oce\u013e.<\/p>","protected":false},"excerpt":{"rendered":"<p>Cheese set with 4 utensils in stainless steel and wooden handle. Presentation in an elegant case with inner padding. Composition:<\/p>","protected":false},"featured_media":10324,"comment_status":"open","ping_status":"closed","template":"","meta":[],"product_cat":[30,245],"product_tag":[],"class_list":{"0":"post-10323","1":"product","2":"type-product","3":"status-publish","4":"has-post-thumbnail","6":"product_cat-cheese_wine","7":"product_cat-kitchen","9":"first","10":"outofstock","11":"shipping-taxable","12":"product-type-variable"},"_links":{"self":[{"href":"https:\/\/www.promotio.sk\/sk\/wp-json\/wp\/v2\/product\/10323","targetHints":{"allow":["GET"]}}],"collection":[{"href":"https:\/\/www.promotio.sk\/sk\/wp-json\/wp\/v2\/product"}],"about":[{"href":"https:\/\/www.promotio.sk\/sk\/wp-json\/wp\/v2\/types\/product"}],"replies":[{"embeddable":true,"href":"https:\/\/www.promotio.sk\/sk\/wp-json\/wp\/v2\/comments?post=10323"}],"wp:featuredmedia":[{"embeddable":true,"href":"https:\/\/www.promotio.sk\/sk\/wp-json\/wp\/v2\/media\/10324"}],"wp:attachment":[{"href":"https:\/\/www.promotio.sk\/sk\/wp-json\/wp\/v2\/media?parent=10323"}],"wp:term":[{"taxonomy":"product_cat","embeddable":true,"href":"https:\/\/www.promotio.sk\/sk\/wp-json\/wp\/v2\/product_cat?post=10323"},{"taxonomy":"product_tag","embeddable":true,"href":"https:\/\/www.promotio.sk\/sk\/wp-json\/wp\/v2\/product_tag?post=10323"}],"curies":[{"name":"wp","href":"https:\/\/api.w.org\/{rel}","templated":true}]}}