{"id":10240,"date":"2024-03-07T00:09:37","date_gmt":"2024-03-06T23:09:37","guid":{"rendered":"https:\/\/www.promotio.sk\/shop\/nezaraden\u00e9\/alsac\/"},"modified":"2024-03-07T09:01:42","modified_gmt":"2024-03-07T08:01:42","slug":"alsac","status":"publish","type":"product","link":"https:\/\/www.promotio.sk\/sk\/shop\/promo-items\/kitchen\/openers_accessories\/alsac\/","title":{"rendered":"ALSAC"},"content":{"rendered":"<p>Dreven\u00fd stojan na f\u013ea\u0161e je praktick\u00fdm a estetick\u00fdm doplnkom na bezpe\u010dn\u00e9 vystavenie a ulo\u017eenie va\u0161ich flia\u0161. Tento stojan na f\u013ea\u0161e s kapacitou pre 3 f\u013ea\u0161e v\u00e1m umo\u017en\u00ed usporiada\u0165 a vystavi\u0165 va\u0161e ob\u013e\u00faben\u00e9 n\u00e1poje elegantn\u00fdm sp\u00f4sobom.<br \/>\nTento stojan na f\u013ea\u0161e vyroben\u00fd z dreva je nielen pevn\u00fd a odoln\u00fd, ale dod\u00e1va v\u00e1\u0161mu priestoru prirodzen\u00fd a tepl\u00fd n\u00e1dych. Jeho kompaktn\u00fd a funk\u010dn\u00fd dizajn v\u00e1m umo\u017en\u00ed maxim\u00e1lne vyu\u017ei\u0165 dostupn\u00fd priestor, \u010di u\u017e vo va\u0161ej kuchyni, jed\u00e1lni alebo akejko\u013evek inej \u010dasti v\u00e1\u0161ho domova.<\/p>\n<p>Tento dreven\u00fd stojan na f\u013ea\u0161e pon\u00faka elegantn\u00e9 a praktick\u00e9 rie\u0161enie na propag\u00e1ciu va\u0161ej spolo\u010dnosti. Vychutnajte si pohodlie, ke\u010f budete ma\u0165 svoje f\u013ea\u0161e na dosah ruky, a z\u00e1rove\u0148 dodaj\u00fa v\u00e1\u0161mu priestoru dekorat\u00edvny n\u00e1dych.<br \/>Zlo\u017eenie: Madera<br \/>Pozn\u00e1mky: Presentaci\u00f3n en caja dise\u00f1o eco.<\/p>","protected":false},"excerpt":{"rendered":"<p>The wooden bottle rack is a practical and aesthetic accessory to safely display and store your bottles. With a capacity<\/p>","protected":false},"featured_media":10241,"comment_status":"open","ping_status":"closed","template":"","meta":[],"product_cat":[245,31],"product_tag":[],"class_list":{"0":"post-10240","1":"product","2":"type-product","3":"status-publish","4":"has-post-thumbnail","6":"product_cat-kitchen","7":"product_cat-openers_accessories","9":"first","10":"instock","11":"shipping-taxable","12":"purchasable","13":"product-type-variable"},"_links":{"self":[{"href":"https:\/\/www.promotio.sk\/sk\/wp-json\/wp\/v2\/product\/10240","targetHints":{"allow":["GET"]}}],"collection":[{"href":"https:\/\/www.promotio.sk\/sk\/wp-json\/wp\/v2\/product"}],"about":[{"href":"https:\/\/www.promotio.sk\/sk\/wp-json\/wp\/v2\/types\/product"}],"replies":[{"embeddable":true,"href":"https:\/\/www.promotio.sk\/sk\/wp-json\/wp\/v2\/comments?post=10240"}],"wp:featuredmedia":[{"embeddable":true,"href":"https:\/\/www.promotio.sk\/sk\/wp-json\/wp\/v2\/media\/10241"}],"wp:attachment":[{"href":"https:\/\/www.promotio.sk\/sk\/wp-json\/wp\/v2\/media?parent=10240"}],"wp:term":[{"taxonomy":"product_cat","embeddable":true,"href":"https:\/\/www.promotio.sk\/sk\/wp-json\/wp\/v2\/product_cat?post=10240"},{"taxonomy":"product_tag","embeddable":true,"href":"https:\/\/www.promotio.sk\/sk\/wp-json\/wp\/v2\/product_tag?post=10240"}],"curies":[{"name":"wp","href":"https:\/\/api.w.org\/{rel}","templated":true}]}}