{"id":10187,"date":"2024-03-07T00:04:34","date_gmt":"2024-03-06T23:04:34","guid":{"rendered":"https:\/\/www.promotio.sk\/shop\/nezaraden\u00e9\/vesel\/"},"modified":"2024-03-07T09:03:54","modified_gmt":"2024-03-07T08:03:54","slug":"vesel","status":"publish","type":"product","link":"https:\/\/www.promotio.sk\/sk\/shop\/promo-items\/home_gifts\/keyrings\/vesel\/","title":{"rendered":"VESEL"},"content":{"rendered":"<p>K\u013e\u00fa\u010denka na baterku s bambusov\u00fdm telom je praktick\u00fdm a elegantn\u00fdm doplnkom, ktor\u00fd sp\u00e1ja funk\u010dnos\u0165 a prirodzen\u00fa estetiku. T\u00e1to k\u013e\u00fa\u010denka vyroben\u00e1 z udr\u017eate\u013en\u00e9ho bambusu m\u00e1 kompaktn\u00fd a \u013eahk\u00fd dizajn, v\u010faka ktor\u00e9mu je ide\u00e1lna na nosenie vo vrecku alebo na zavesenie s k\u013e\u00fa\u010dmi. Obsahuje LED baterku, ktor\u00e1 poskytuje jasn\u00e9 osvetlenie v situ\u00e1ci\u00e1ch so slab\u00fdm osvetlen\u00edm. Okrem toho s\u00fa s\u00fa\u010das\u0165ou balenia tri gomb\u00edkov\u00e9 bat\u00e9rie LR41, ktor\u00e9 zais\u0165uj\u00fa okam\u017eit\u00e9 pou\u017eitie. V\u010faka kombin\u00e1cii ekologick\u00fdch materi\u00e1lov a praktick\u00e9ho vyu\u017eitia je t\u00e1to k\u013e\u00fa\u010denka na baterku nevyhnutnos\u0165ou pre ka\u017ed\u00e9ho, kto sa zauj\u00edma o \u017eivotn\u00e9 prostredie a funk\u010dnos\u0165 v ka\u017edodennom \u017eivote.<br \/>Zlo\u017eenie: Bamb\u00fa.<br \/>Pozn\u00e1mky: Presentaci\u00f3n en bolsa individual.<\/p>","protected":false},"excerpt":{"rendered":"<p>Flashlight keychain with bamboo body, it is a practical and elegant accessory that combines functionality and natural aesthetics. Made from<\/p>","protected":false},"featured_media":10188,"comment_status":"open","ping_status":"closed","template":"","meta":[],"product_cat":[251,253],"product_tag":[],"class_list":{"0":"post-10187","1":"product","2":"type-product","3":"status-publish","4":"has-post-thumbnail","6":"product_cat-home_gifts","7":"product_cat-keyrings","9":"first","10":"instock","11":"shipping-taxable","12":"purchasable","13":"product-type-variable"},"_links":{"self":[{"href":"https:\/\/www.promotio.sk\/sk\/wp-json\/wp\/v2\/product\/10187","targetHints":{"allow":["GET"]}}],"collection":[{"href":"https:\/\/www.promotio.sk\/sk\/wp-json\/wp\/v2\/product"}],"about":[{"href":"https:\/\/www.promotio.sk\/sk\/wp-json\/wp\/v2\/types\/product"}],"replies":[{"embeddable":true,"href":"https:\/\/www.promotio.sk\/sk\/wp-json\/wp\/v2\/comments?post=10187"}],"wp:featuredmedia":[{"embeddable":true,"href":"https:\/\/www.promotio.sk\/sk\/wp-json\/wp\/v2\/media\/10188"}],"wp:attachment":[{"href":"https:\/\/www.promotio.sk\/sk\/wp-json\/wp\/v2\/media?parent=10187"}],"wp:term":[{"taxonomy":"product_cat","embeddable":true,"href":"https:\/\/www.promotio.sk\/sk\/wp-json\/wp\/v2\/product_cat?post=10187"},{"taxonomy":"product_tag","embeddable":true,"href":"https:\/\/www.promotio.sk\/sk\/wp-json\/wp\/v2\/product_tag?post=10187"}],"curies":[{"name":"wp","href":"https:\/\/api.w.org\/{rel}","templated":true}]}}