{"id":10171,"date":"2024-03-07T00:03:16","date_gmt":"2024-03-06T23:03:16","guid":{"rendered":"https:\/\/www.promotio.sk\/shop\/nezaraden\u00e9\/zadar\/"},"modified":"2024-03-07T09:04:09","modified_gmt":"2024-03-07T08:04:09","slug":"zadar","status":"publish","type":"product","link":"https:\/\/www.promotio.sk\/sk\/shop\/promo-items\/home_gifts\/keyrings\/zadar\/","title":{"rendered":"ZADAR"},"content":{"rendered":"<p>K\u013e\u00fa\u010denka na baterku je funk\u010dn\u00fd a prisp\u00f4sobite\u013en\u00fd k\u00fasok, ktor\u00fd si m\u00f4\u017eete vzia\u0165 kamko\u013evek idete. T\u00e1to k\u013e\u00fa\u010denka je navrhnut\u00e1 s integrovanou baterkou a m\u00e1 \u0161peci\u00e1lny povrch na laserov\u00e9 grav\u00edrovanie, ktor\u00fd v\u00e1m umo\u017en\u00ed prida\u0165 osobn\u00fd alebo reklamn\u00fd n\u00e1dych. Je vybaven\u00fd 3 gomb\u00edkov\u00fdmi bat\u00e9riami AG3, ktor\u00e9 zais\u0165uj\u00fa dlhotrvaj\u00face a spo\u013eahliv\u00e9 fungovanie. V\u010faka kompaktn\u00fdm a \u013eahk\u00fdm rozmerom je ide\u00e1lny na nosenie kamko\u013evek. Na\u0161a k\u013e\u00fa\u010denka na baterku v\u00e1m poskytne u\u017eito\u010dnos\u0165 a prisp\u00f4sobenie, ktor\u00e9 potrebujete.<br \/>Pozn\u00e1mky: Presentaci\u00f3n caja blanca.<\/p>","protected":false},"excerpt":{"rendered":"<p>The flashlight keychain is a functional and customizable piece that you can take wherever you go. This keychain is designed<\/p>","protected":false},"featured_media":10172,"comment_status":"open","ping_status":"closed","template":"","meta":[],"product_cat":[251,253],"product_tag":[],"class_list":{"0":"post-10171","1":"product","2":"type-product","3":"status-publish","4":"has-post-thumbnail","6":"product_cat-home_gifts","7":"product_cat-keyrings","9":"first","10":"instock","11":"shipping-taxable","12":"purchasable","13":"product-type-variable"},"_links":{"self":[{"href":"https:\/\/www.promotio.sk\/sk\/wp-json\/wp\/v2\/product\/10171","targetHints":{"allow":["GET"]}}],"collection":[{"href":"https:\/\/www.promotio.sk\/sk\/wp-json\/wp\/v2\/product"}],"about":[{"href":"https:\/\/www.promotio.sk\/sk\/wp-json\/wp\/v2\/types\/product"}],"replies":[{"embeddable":true,"href":"https:\/\/www.promotio.sk\/sk\/wp-json\/wp\/v2\/comments?post=10171"}],"wp:featuredmedia":[{"embeddable":true,"href":"https:\/\/www.promotio.sk\/sk\/wp-json\/wp\/v2\/media\/10172"}],"wp:attachment":[{"href":"https:\/\/www.promotio.sk\/sk\/wp-json\/wp\/v2\/media?parent=10171"}],"wp:term":[{"taxonomy":"product_cat","embeddable":true,"href":"https:\/\/www.promotio.sk\/sk\/wp-json\/wp\/v2\/product_cat?post=10171"},{"taxonomy":"product_tag","embeddable":true,"href":"https:\/\/www.promotio.sk\/sk\/wp-json\/wp\/v2\/product_tag?post=10171"}],"curies":[{"name":"wp","href":"https:\/\/api.w.org\/{rel}","templated":true}]}}