{"id":10118,"date":"2024-03-06T23:58:44","date_gmt":"2024-03-06T22:58:44","guid":{"rendered":"https:\/\/www.promotio.sk\/shop\/nezaraden\u00e9\/yate\/"},"modified":"2024-03-07T09:04:53","modified_gmt":"2024-03-07T08:04:53","slug":"yate","status":"publish","type":"product","link":"https:\/\/www.promotio.sk\/sk\/shop\/promo-items\/home_gifts\/keyrings\/yate\/","title":{"rendered":"YATE"},"content":{"rendered":"<p>Ov\u00e1lna pl\u00e1vaj\u00faca k\u013e\u00fa\u010denka z pr\u00edrodn\u00e9ho korku s odoln\u00fdm polyesterov\u00fdm povrazom. K\u013e\u00fa\u010denka udr\u017e\u00ed va\u0161e k\u013e\u00fa\u010de v bezpe\u010d\u00ed t\u00fdm, \u017ee bude pl\u00e1va\u0165, ak spadn\u00fa do vody. Povinn\u00e1 v\u00fdbava na pl\u00e1\u017eov\u00e9 dni.<br \/>\n<br \/>Zlo\u017eenie: korok<\/p>","protected":false},"excerpt":{"rendered":"<p>Oval floating natural cork keychain with durable polyester rope. The key chain will keep your keys safe by floating if<\/p>","protected":false},"featured_media":10119,"comment_status":"open","ping_status":"closed","template":"","meta":[],"product_cat":[251,253],"product_tag":[],"class_list":{"0":"post-10118","1":"product","2":"type-product","3":"status-publish","4":"has-post-thumbnail","6":"product_cat-home_gifts","7":"product_cat-keyrings","9":"first","10":"instock","11":"shipping-taxable","12":"purchasable","13":"product-type-variable"},"_links":{"self":[{"href":"https:\/\/www.promotio.sk\/sk\/wp-json\/wp\/v2\/product\/10118","targetHints":{"allow":["GET"]}}],"collection":[{"href":"https:\/\/www.promotio.sk\/sk\/wp-json\/wp\/v2\/product"}],"about":[{"href":"https:\/\/www.promotio.sk\/sk\/wp-json\/wp\/v2\/types\/product"}],"replies":[{"embeddable":true,"href":"https:\/\/www.promotio.sk\/sk\/wp-json\/wp\/v2\/comments?post=10118"}],"wp:featuredmedia":[{"embeddable":true,"href":"https:\/\/www.promotio.sk\/sk\/wp-json\/wp\/v2\/media\/10119"}],"wp:attachment":[{"href":"https:\/\/www.promotio.sk\/sk\/wp-json\/wp\/v2\/media?parent=10118"}],"wp:term":[{"taxonomy":"product_cat","embeddable":true,"href":"https:\/\/www.promotio.sk\/sk\/wp-json\/wp\/v2\/product_cat?post=10118"},{"taxonomy":"product_tag","embeddable":true,"href":"https:\/\/www.promotio.sk\/sk\/wp-json\/wp\/v2\/product_tag?post=10118"}],"curies":[{"name":"wp","href":"https:\/\/api.w.org\/{rel}","templated":true}]}}