{"id":10102,"date":"2024-03-06T23:57:23","date_gmt":"2024-03-06T22:57:23","guid":{"rendered":"https:\/\/www.promotio.sk\/shop\/nezaraden\u00e9\/sila\/"},"modified":"2024-03-07T09:05:17","modified_gmt":"2024-03-07T08:05:17","slug":"sila","status":"publish","type":"product","link":"https:\/\/www.promotio.sk\/sk\/shop\/promo-items\/home_gifts\/keyrings\/sila\/","title":{"rendered":"SILA"},"content":{"rendered":"<p>Pr\u00edvesok na k\u013e\u00fa\u010de z pr\u00edrodn\u00e9ho dreva v dvoch prevedeniach s kovov\u00fdm kr\u00fa\u017ekom. <br \/>Zlo\u017eenie: Drevo<br \/>Pozn\u00e1mky: Ide\u00e1lne pre laserov\u00fa tla\u010d.<br \/>\nOpatrenia:<br \/>\n\u2013 Okr\u00fahle: 0,7 x 3,9.<br \/>\n\u2013 Obd\u013a\u017enikov\u00fd: 3,1 x 5 x 0,7<\/p>","protected":false},"excerpt":{"rendered":"<p>Natural wood keyring in two designs with metal ring. Composition: WoodRemarks: Ideal for laser printing. Measures: &#8211; Round: 0,7 x<\/p>","protected":false},"featured_media":10103,"comment_status":"open","ping_status":"closed","template":"","meta":[],"product_cat":[251,253],"product_tag":[],"class_list":{"0":"post-10102","1":"product","2":"type-product","3":"status-publish","4":"has-post-thumbnail","6":"product_cat-home_gifts","7":"product_cat-keyrings","9":"first","10":"instock","11":"shipping-taxable","12":"purchasable","13":"product-type-variable"},"_links":{"self":[{"href":"https:\/\/www.promotio.sk\/sk\/wp-json\/wp\/v2\/product\/10102","targetHints":{"allow":["GET"]}}],"collection":[{"href":"https:\/\/www.promotio.sk\/sk\/wp-json\/wp\/v2\/product"}],"about":[{"href":"https:\/\/www.promotio.sk\/sk\/wp-json\/wp\/v2\/types\/product"}],"replies":[{"embeddable":true,"href":"https:\/\/www.promotio.sk\/sk\/wp-json\/wp\/v2\/comments?post=10102"}],"wp:featuredmedia":[{"embeddable":true,"href":"https:\/\/www.promotio.sk\/sk\/wp-json\/wp\/v2\/media\/10103"}],"wp:attachment":[{"href":"https:\/\/www.promotio.sk\/sk\/wp-json\/wp\/v2\/media?parent=10102"}],"wp:term":[{"taxonomy":"product_cat","embeddable":true,"href":"https:\/\/www.promotio.sk\/sk\/wp-json\/wp\/v2\/product_cat?post=10102"},{"taxonomy":"product_tag","embeddable":true,"href":"https:\/\/www.promotio.sk\/sk\/wp-json\/wp\/v2\/product_tag?post=10102"}],"curies":[{"name":"wp","href":"https:\/\/api.w.org\/{rel}","templated":true}]}}