{"id":10053,"date":"2024-03-06T23:53:20","date_gmt":"2024-03-06T22:53:20","guid":{"rendered":"https:\/\/www.promotio.sk\/shop\/nezaraden\u00e9\/syrah\/"},"modified":"2024-03-07T09:07:01","modified_gmt":"2024-03-07T08:07:01","slug":"syrah","status":"publish","type":"product","link":"https:\/\/www.promotio.sk\/sk\/shop\/promo-items\/kitchen\/openers_accessories\/syrah\/","title":{"rendered":"SYRAH"},"content":{"rendered":"<p>Kovov\u00e1 v\u00fdvrtka v tvare f\u013ea\u0161e.<br \/>Zlo\u017eenie: plast a kov.<br \/>Pozn\u00e1mky: Prezent\u00e1cia v bielom r\u00e1m\u010deku.<\/p>","protected":false},"excerpt":{"rendered":"<p>Metal corkscrew in the shape of a bottle.Composition: Plastic and metal.Remarks: Presentation in white box.<\/p>","protected":false},"featured_media":10054,"comment_status":"open","ping_status":"closed","template":"","meta":[],"product_cat":[245,31],"product_tag":[],"class_list":{"0":"post-10053","1":"product","2":"type-product","3":"status-publish","4":"has-post-thumbnail","6":"product_cat-kitchen","7":"product_cat-openers_accessories","9":"first","10":"instock","11":"shipping-taxable","12":"purchasable","13":"product-type-variable"},"_links":{"self":[{"href":"https:\/\/www.promotio.sk\/sk\/wp-json\/wp\/v2\/product\/10053","targetHints":{"allow":["GET"]}}],"collection":[{"href":"https:\/\/www.promotio.sk\/sk\/wp-json\/wp\/v2\/product"}],"about":[{"href":"https:\/\/www.promotio.sk\/sk\/wp-json\/wp\/v2\/types\/product"}],"replies":[{"embeddable":true,"href":"https:\/\/www.promotio.sk\/sk\/wp-json\/wp\/v2\/comments?post=10053"}],"wp:featuredmedia":[{"embeddable":true,"href":"https:\/\/www.promotio.sk\/sk\/wp-json\/wp\/v2\/media\/10054"}],"wp:attachment":[{"href":"https:\/\/www.promotio.sk\/sk\/wp-json\/wp\/v2\/media?parent=10053"}],"wp:term":[{"taxonomy":"product_cat","embeddable":true,"href":"https:\/\/www.promotio.sk\/sk\/wp-json\/wp\/v2\/product_cat?post=10053"},{"taxonomy":"product_tag","embeddable":true,"href":"https:\/\/www.promotio.sk\/sk\/wp-json\/wp\/v2\/product_tag?post=10053"}],"curies":[{"name":"wp","href":"https:\/\/api.w.org\/{rel}","templated":true}]}}