{"id":7920,"date":"2024-03-06T17:51:04","date_gmt":"2024-03-06T16:51:04","guid":{"rendered":"https:\/\/www.promotio.sk\/?page_id=7920"},"modified":"2024-03-12T15:11:20","modified_gmt":"2024-03-12T14:11:20","slug":"promo-hotels","status":"publish","type":"page","link":"https:\/\/www.promotio.sk\/sk\/promo-hotels\/","title":{"rendered":"Promo hotely"},"content":{"rendered":"<div data-elementor-type=\"wp-page\" data-elementor-id=\"7920\" class=\"elementor elementor-7920\" data-elementor-post-type=\"page\">\n\t\t\t\t<div class=\"elementor-element elementor-element-dd2b7e0 e-flex e-con-boxed e-con e-parent\" data-id=\"dd2b7e0\" data-element_type=\"container\" data-core-v316-plus=\"true\">\n\t\t\t\t\t<div class=\"e-con-inner\">\n\t\t\t\t<div class=\"elementor-element elementor-element-d552666 color-scheme-inherit text-left elementor-widget elementor-widget-text-editor\" data-id=\"d552666\" data-element_type=\"widget\" data-widget_type=\"text-editor.default\">\n\t\t\t\t<div class=\"elementor-widget-container\">\n\t\t\t<style>\/*! elementor - v3.20.0 - 11-03-2024 *\/\n.elementor-widget-text-editor.elementor-drop-cap-view-stacked .elementor-drop-cap{background-color:#69727d;color:#fff}.elementor-widget-text-editor.elementor-drop-cap-view-framed .elementor-drop-cap{color:#69727d;border:3px solid;background-color:transparent}.elementor-widget-text-editor:not(.elementor-drop-cap-view-default) .elementor-drop-cap{margin-top:8px}.elementor-widget-text-editor:not(.elementor-drop-cap-view-default) .elementor-drop-cap-letter{width:1em;height:1em}.elementor-widget-text-editor .elementor-drop-cap{float:left;text-align:center;line-height:1;font-size:50px}.elementor-widget-text-editor .elementor-drop-cap-letter{display:inline-block}<\/style>\t\t\t\t<p>Lorem ipsum dolor sit amet, consectetur adipiscing elit. Ut elit tellus, luctus nec ullamcorper mattis, pulvinar dapibus leo.<\/p>\t\t\t\t\t\t<\/div>\n\t\t\t\t<\/div>\n\t\t\t\t\t<\/div>\n\t\t\t\t<\/div>\n\t\t<div class=\"elementor-element elementor-element-ff1542a e-flex e-con-boxed e-con e-parent\" data-id=\"ff1542a\" data-element_type=\"container\" data-core-v316-plus=\"true\">\n\t\t\t\t\t<div class=\"e-con-inner\">\n\t\t<div class=\"elementor-element elementor-element-ccc603f e-con-full e-flex e-con e-child\" data-id=\"ccc603f\" data-element_type=\"container\">\n\t\t\t\t<div class=\"elementor-element elementor-element-8cc48c9 title-home elementor-position-top elementor-widget elementor-widget-image-box\" data-id=\"8cc48c9\" data-element_type=\"widget\" data-widget_type=\"image-box.default\">\n\t\t\t\t<div class=\"elementor-widget-container\">\n\t\t\t<style>\/*! elementor - v3.20.0 - 11-03-2024 *\/\n.elementor-widget-image-box .elementor-image-box-content{width:100%}@media (min-width:768px){.elementor-widget-image-box.elementor-position-left .elementor-image-box-wrapper,.elementor-widget-image-box.elementor-position-right .elementor-image-box-wrapper{display:flex}.elementor-widget-image-box.elementor-position-right .elementor-image-box-wrapper{text-align:right;flex-direction:row-reverse}.elementor-widget-image-box.elementor-position-left .elementor-image-box-wrapper{text-align:left;flex-direction:row}.elementor-widget-image-box.elementor-position-top .elementor-image-box-img{margin:auto}.elementor-widget-image-box.elementor-vertical-align-top .elementor-image-box-wrapper{align-items:flex-start}.elementor-widget-image-box.elementor-vertical-align-middle .elementor-image-box-wrapper{align-items:center}.elementor-widget-image-box.elementor-vertical-align-bottom .elementor-image-box-wrapper{align-items:flex-end}}@media (max-width:767px){.elementor-widget-image-box .elementor-image-box-img{margin-left:auto!important;margin-right:auto!important;margin-bottom:15px}}.elementor-widget-image-box .elementor-image-box-img{display:inline-block}.elementor-widget-image-box .elementor-image-box-title a{color:inherit}.elementor-widget-image-box .elementor-image-box-wrapper{text-align:center}.elementor-widget-image-box .elementor-image-box-description{margin:0}<\/style><div class=\"elementor-image-box-wrapper\"><figure class=\"elementor-image-box-img\"><a href=\"https:\/\/www.promotio.sk\/sk\/promo-hotels\/bathrobes-and-towels\/\" tabindex=\"-1\"><img fetchpriority=\"high\" decoding=\"async\" width=\"1064\" height=\"1064\" src=\"https:\/\/www.promotio.sk\/wp-content\/uploads\/2024\/03\/banner-zupany-uteraky-new.jpg\" class=\"attachment-full size-full wp-image-4129\" alt=\"\" srcset=\"https:\/\/www.promotio.sk\/wp-content\/uploads\/2024\/03\/banner-zupany-uteraky-new.jpg 1064w, https:\/\/www.promotio.sk\/wp-content\/uploads\/2024\/03\/banner-zupany-uteraky-new-300x300.jpg 300w, https:\/\/www.promotio.sk\/wp-content\/uploads\/2024\/03\/banner-zupany-uteraky-new-150x150.jpg 150w, https:\/\/www.promotio.sk\/wp-content\/uploads\/2024\/03\/banner-zupany-uteraky-new-600x600.jpg 600w, https:\/\/www.promotio.sk\/wp-content\/uploads\/2024\/03\/banner-zupany-uteraky-new-1024x1024.jpg 1024w, https:\/\/www.promotio.sk\/wp-content\/uploads\/2024\/03\/banner-zupany-uteraky-new-768x768.jpg 768w\" sizes=\"(max-width: 1064px) 100vw, 1064px\" \/><\/a><\/figure><div class=\"elementor-image-box-content\"><h3 class=\"elementor-image-box-title\"><a href=\"https:\/\/www.promotio.sk\/sk\/promo-hotels\/bathrobes-and-towels\/\">\u017dUPANY A UTER\u00c1KY<\/a><\/h3><\/div><\/div>\t\t<\/div>\n\t\t\t\t<\/div>\n\t\t\t\t<\/div>\n\t\t<div class=\"elementor-element elementor-element-276d2a2 e-con-full e-flex e-con e-child\" data-id=\"276d2a2\" data-element_type=\"container\">\n\t\t\t\t<div class=\"elementor-element elementor-element-f88b07c title-home elementor-position-top elementor-widget elementor-widget-image-box\" data-id=\"f88b07c\" data-element_type=\"widget\" data-widget_type=\"image-box.default\">\n\t\t\t\t<div class=\"elementor-widget-container\">\n\t\t\t<div class=\"elementor-image-box-wrapper\"><figure class=\"elementor-image-box-img\"><a href=\"https:\/\/www.promotio.sk\/sk\/promo-hotels\/heaters-and-sleeves\/\" tabindex=\"-1\"><img decoding=\"async\" width=\"1064\" height=\"1064\" src=\"https:\/\/www.promotio.sk\/wp-content\/uploads\/2024\/03\/banner-termofory-new.jpg\" class=\"attachment-full size-full wp-image-4276\" alt=\"\" srcset=\"https:\/\/www.promotio.sk\/wp-content\/uploads\/2024\/03\/banner-termofory-new.jpg 1064w, https:\/\/www.promotio.sk\/wp-content\/uploads\/2024\/03\/banner-termofory-new-300x300.jpg 300w, https:\/\/www.promotio.sk\/wp-content\/uploads\/2024\/03\/banner-termofory-new-150x150.jpg 150w, https:\/\/www.promotio.sk\/wp-content\/uploads\/2024\/03\/banner-termofory-new-600x600.jpg 600w, https:\/\/www.promotio.sk\/wp-content\/uploads\/2024\/03\/banner-termofory-new-1024x1024.jpg 1024w, https:\/\/www.promotio.sk\/wp-content\/uploads\/2024\/03\/banner-termofory-new-768x768.jpg 768w\" sizes=\"(max-width: 1064px) 100vw, 1064px\" \/><\/a><\/figure><div class=\"elementor-image-box-content\"><h3 class=\"elementor-image-box-title\"><a href=\"https:\/\/www.promotio.sk\/sk\/promo-hotels\/heaters-and-sleeves\/\">TERMOFORY A N\u00c1VLEKY<\/a><\/h3><\/div><\/div>\t\t<\/div>\n\t\t\t\t<\/div>\n\t\t\t\t<\/div>\n\t\t<div class=\"elementor-element elementor-element-19de49e e-con-full e-flex e-con e-child\" data-id=\"19de49e\" data-element_type=\"container\">\n\t\t\t\t<div class=\"elementor-element elementor-element-1703962 title-home elementor-position-top elementor-widget elementor-widget-image-box\" data-id=\"1703962\" data-element_type=\"widget\" data-widget_type=\"image-box.default\">\n\t\t\t\t<div class=\"elementor-widget-container\">\n\t\t\t<div class=\"elementor-image-box-wrapper\"><figure class=\"elementor-image-box-img\"><a href=\"https:\/\/www.promotio.sk\/sk\/promo-hotels\/flip-flops-and-beach-balls\/\" tabindex=\"-1\"><img decoding=\"async\" width=\"1064\" height=\"1064\" src=\"https:\/\/www.promotio.sk\/wp-content\/uploads\/2024\/03\/banner-slapky-a-plazove-lopty-new.jpg\" class=\"attachment-full size-full wp-image-4119\" alt=\"\" srcset=\"https:\/\/www.promotio.sk\/wp-content\/uploads\/2024\/03\/banner-slapky-a-plazove-lopty-new.jpg 1064w, https:\/\/www.promotio.sk\/wp-content\/uploads\/2024\/03\/banner-slapky-a-plazove-lopty-new-300x300.jpg 300w, https:\/\/www.promotio.sk\/wp-content\/uploads\/2024\/03\/banner-slapky-a-plazove-lopty-new-150x150.jpg 150w, https:\/\/www.promotio.sk\/wp-content\/uploads\/2024\/03\/banner-slapky-a-plazove-lopty-new-600x600.jpg 600w, https:\/\/www.promotio.sk\/wp-content\/uploads\/2024\/03\/banner-slapky-a-plazove-lopty-new-1024x1024.jpg 1024w, https:\/\/www.promotio.sk\/wp-content\/uploads\/2024\/03\/banner-slapky-a-plazove-lopty-new-768x768.jpg 768w\" sizes=\"(max-width: 1064px) 100vw, 1064px\" \/><\/a><\/figure><div class=\"elementor-image-box-content\"><h3 class=\"elementor-image-box-title\"><a href=\"https:\/\/www.promotio.sk\/sk\/promo-hotels\/flip-flops-and-beach-balls\/\">\u0160\u013dAPKY A PL\u00c1\u017dOV\u00c9 LOPTY<\/a><\/h3><\/div><\/div>\t\t<\/div>\n\t\t\t\t<\/div>\n\t\t\t\t<\/div>\n\t\t\t\t\t<\/div>\n\t\t\t\t<\/div>\n\t\t\t\t<\/div>","protected":false},"excerpt":{"rendered":"<p>Lorem ipsum dolor sit amet, consectetur adipiscing elit. Ut elit tellus, luctus nec ullamcorper mattis, pulvinar dapibus leo. BATHROBES AND<\/p>","protected":false},"author":1,"featured_media":0,"parent":0,"menu_order":0,"comment_status":"closed","ping_status":"closed","template":"","meta":{"footnotes":""},"class_list":["post-7920","page","type-page","status-publish","hentry"],"_links":{"self":[{"href":"https:\/\/www.promotio.sk\/sk\/wp-json\/wp\/v2\/pages\/7920","targetHints":{"allow":["GET"]}}],"collection":[{"href":"https:\/\/www.promotio.sk\/sk\/wp-json\/wp\/v2\/pages"}],"about":[{"href":"https:\/\/www.promotio.sk\/sk\/wp-json\/wp\/v2\/types\/page"}],"author":[{"embeddable":true,"href":"https:\/\/www.promotio.sk\/sk\/wp-json\/wp\/v2\/users\/1"}],"replies":[{"embeddable":true,"href":"https:\/\/www.promotio.sk\/sk\/wp-json\/wp\/v2\/comments?post=7920"}],"version-history":[{"count":10,"href":"https:\/\/www.promotio.sk\/sk\/wp-json\/wp\/v2\/pages\/7920\/revisions"}],"predecessor-version":[{"id":32730,"href":"https:\/\/www.promotio.sk\/sk\/wp-json\/wp\/v2\/pages\/7920\/revisions\/32730"}],"wp:attachment":[{"href":"https:\/\/www.promotio.sk\/sk\/wp-json\/wp\/v2\/media?parent=7920"}],"curies":[{"name":"wp","href":"https:\/\/api.w.org\/{rel}","templated":true}]}}