{"id":9903,"date":"2024-03-06T23:05:01","date_gmt":"2024-03-06T22:05:01","guid":{"rendered":"https:\/\/www.promotio.sk\/shop\/nezaraden\u00e9\/tonic\/"},"modified":"2024-03-06T23:07:05","modified_gmt":"2024-03-06T22:07:05","slug":"tonic","status":"publish","type":"product","link":"https:\/\/www.promotio.sk\/de\/shop\/promo-items\/home_gifts\/keyrings\/tonic\/","title":{"rendered":"TONIC"},"content":{"rendered":"<p>M\u00fcnz-Schl\u00fcsselanh\u00e4nger f\u00fcr den Einkaufswagen. Metallisch mit farbiger Emaille.<br \/>\n<br \/>Zusammensetzung: Metall und Emaille.<\/p>","protected":false},"excerpt":{"rendered":"<p>Coin keychain for shopping cart. Metallic with coloured enamel. Composition: Metal and enamel.<\/p>","protected":false},"featured_media":9904,"comment_status":"open","ping_status":"closed","template":"","meta":[],"product_cat":[251,253],"product_tag":[],"class_list":{"0":"post-9903","1":"product","2":"type-product","3":"status-publish","4":"has-post-thumbnail","6":"product_cat-home_gifts","7":"product_cat-keyrings","9":"first","10":"instock","11":"shipping-taxable","12":"purchasable","13":"product-type-variable"},"_links":{"self":[{"href":"https:\/\/www.promotio.sk\/de\/wp-json\/wp\/v2\/product\/9903","targetHints":{"allow":["GET"]}}],"collection":[{"href":"https:\/\/www.promotio.sk\/de\/wp-json\/wp\/v2\/product"}],"about":[{"href":"https:\/\/www.promotio.sk\/de\/wp-json\/wp\/v2\/types\/product"}],"replies":[{"embeddable":true,"href":"https:\/\/www.promotio.sk\/de\/wp-json\/wp\/v2\/comments?post=9903"}],"wp:featuredmedia":[{"embeddable":true,"href":"https:\/\/www.promotio.sk\/de\/wp-json\/wp\/v2\/media\/9904"}],"wp:attachment":[{"href":"https:\/\/www.promotio.sk\/de\/wp-json\/wp\/v2\/media?parent=9903"}],"wp:term":[{"taxonomy":"product_cat","embeddable":true,"href":"https:\/\/www.promotio.sk\/de\/wp-json\/wp\/v2\/product_cat?post=9903"},{"taxonomy":"product_tag","embeddable":true,"href":"https:\/\/www.promotio.sk\/de\/wp-json\/wp\/v2\/product_tag?post=9903"}],"curies":[{"name":"wp","href":"https:\/\/api.w.org\/{rel}","templated":true}]}}