{"id":9590,"date":"2024-03-06T22:48:07","date_gmt":"2024-03-06T21:48:07","guid":{"rendered":"https:\/\/www.promotio.sk\/shop\/nezaraden\u00e9\/kevex\/"},"modified":"2024-03-06T22:48:47","modified_gmt":"2024-03-06T21:48:47","slug":"kevex","status":"publish","type":"product","link":"https:\/\/www.promotio.sk\/de\/shop\/promo-items\/home_gifts\/decoration_games\/kevex\/","title":{"rendered":"KEVEX"},"content":{"rendered":"<p>Kabelloses Ladeger\u00e4t mit Fotorahmen aus Kork. Ideal f\u00fcr 10\u00d715 cm gro\u00dfe Fotos. Kompatibel mit Ger\u00e4ten mit kabelloser Ladetechnologie. 10 W. Kabel enthalten.<br \/>\n<br \/>Zusammensetzung: Kork<br \/>Bemerkungen: Eingang: DC 9V\/2,0A<br \/>\nKabellose Leistung: 10 W<br \/>\nUSB-Kabel im Lieferumfang enthalten.<br \/>\nBedienungsanleitung in 6 Sprachen: Spanisch, Englisch, Franz\u00f6sisch, Italienisch, Deutsch und Portugiesisch.<br \/>\nPr\u00e4sentation in \u00d6kodesign-Box. <\/p>","protected":false},"excerpt":{"rendered":"<p>Wireless charger with photo frame made of cork. Ideal for 10&#215;15 cm photos. Compatible with devices with wireless charging technology.<\/p>","protected":false},"featured_media":9591,"comment_status":"open","ping_status":"closed","template":"","meta":[],"product_cat":[252,251],"product_tag":[],"class_list":{"0":"post-9590","1":"product","2":"type-product","3":"status-publish","4":"has-post-thumbnail","6":"product_cat-decoration_games","7":"product_cat-home_gifts","9":"first","10":"instock","11":"shipping-taxable","12":"purchasable","13":"product-type-variable"},"_links":{"self":[{"href":"https:\/\/www.promotio.sk\/de\/wp-json\/wp\/v2\/product\/9590","targetHints":{"allow":["GET"]}}],"collection":[{"href":"https:\/\/www.promotio.sk\/de\/wp-json\/wp\/v2\/product"}],"about":[{"href":"https:\/\/www.promotio.sk\/de\/wp-json\/wp\/v2\/types\/product"}],"replies":[{"embeddable":true,"href":"https:\/\/www.promotio.sk\/de\/wp-json\/wp\/v2\/comments?post=9590"}],"wp:featuredmedia":[{"embeddable":true,"href":"https:\/\/www.promotio.sk\/de\/wp-json\/wp\/v2\/media\/9591"}],"wp:attachment":[{"href":"https:\/\/www.promotio.sk\/de\/wp-json\/wp\/v2\/media?parent=9590"}],"wp:term":[{"taxonomy":"product_cat","embeddable":true,"href":"https:\/\/www.promotio.sk\/de\/wp-json\/wp\/v2\/product_cat?post=9590"},{"taxonomy":"product_tag","embeddable":true,"href":"https:\/\/www.promotio.sk\/de\/wp-json\/wp\/v2\/product_tag?post=9590"}],"curies":[{"name":"wp","href":"https:\/\/api.w.org\/{rel}","templated":true}]}}