{"id":9553,"date":"2024-03-06T22:46:05","date_gmt":"2024-03-06T21:46:05","guid":{"rendered":"https:\/\/www.promotio.sk\/shop\/nezaraden\u00e9\/manik\/"},"modified":"2024-03-06T22:46:46","modified_gmt":"2024-03-06T21:46:46","slug":"manik","status":"publish","type":"product","link":"https:\/\/www.promotio.sk\/de\/shop\/promo-items\/home_gifts\/decoration_games\/manik\/","title":{"rendered":"MANIK"},"content":{"rendered":"<p>Vogelh\u00e4uschen aus MDF. Pr\u00e4sentation in \u00d6kodesign-Box.<br \/>Zusammensetzung: MDF<br \/>Bemerkungen: \u00d6ko-Designbox. <\/p>","protected":false},"excerpt":{"rendered":"<p>Bird house in MDF. Presentation in eco design box.Composition: MDFRemarks: Caja dise\u00f1o eco.<\/p>","protected":false},"featured_media":9554,"comment_status":"open","ping_status":"closed","template":"","meta":[],"product_cat":[252,251],"product_tag":[],"class_list":{"0":"post-9553","1":"product","2":"type-product","3":"status-publish","4":"has-post-thumbnail","6":"product_cat-decoration_games","7":"product_cat-home_gifts","9":"first","10":"instock","11":"shipping-taxable","12":"purchasable","13":"product-type-variable"},"_links":{"self":[{"href":"https:\/\/www.promotio.sk\/de\/wp-json\/wp\/v2\/product\/9553","targetHints":{"allow":["GET"]}}],"collection":[{"href":"https:\/\/www.promotio.sk\/de\/wp-json\/wp\/v2\/product"}],"about":[{"href":"https:\/\/www.promotio.sk\/de\/wp-json\/wp\/v2\/types\/product"}],"replies":[{"embeddable":true,"href":"https:\/\/www.promotio.sk\/de\/wp-json\/wp\/v2\/comments?post=9553"}],"wp:featuredmedia":[{"embeddable":true,"href":"https:\/\/www.promotio.sk\/de\/wp-json\/wp\/v2\/media\/9554"}],"wp:attachment":[{"href":"https:\/\/www.promotio.sk\/de\/wp-json\/wp\/v2\/media?parent=9553"}],"wp:term":[{"taxonomy":"product_cat","embeddable":true,"href":"https:\/\/www.promotio.sk\/de\/wp-json\/wp\/v2\/product_cat?post=9553"},{"taxonomy":"product_tag","embeddable":true,"href":"https:\/\/www.promotio.sk\/de\/wp-json\/wp\/v2\/product_tag?post=9553"}],"curies":[{"name":"wp","href":"https:\/\/api.w.org\/{rel}","templated":true}]}}