{"id":9354,"date":"2024-03-06T20:50:13","date_gmt":"2024-03-06T19:50:13","guid":{"rendered":"https:\/\/www.promotio.sk\/shop\/nezaraden\u00e9\/malbec\/"},"modified":"2024-03-06T20:50:54","modified_gmt":"2024-03-06T19:50:54","slug":"malbec","status":"publish","type":"product","link":"https:\/\/www.promotio.sk\/de\/shop\/promo-items\/kitchen\/cheese_wine\/malbec\/","title":{"rendered":"MALBEC"},"content":{"rendered":"<p>Weinset mit Edelstahl-Zubeh\u00f6r: Pulltap-Korkenzieher mit klappbarer Klinge, Tropfring, Stopfen und Ausgie\u00dfer. <br \/>Zusammensetzung: Edelstahl.<br \/>Bemerkungen: Pr\u00e4sentation in Metallbox mit Innenpolsterung und \u00d6kodesign-H\u00fclle.<\/p>","protected":false},"excerpt":{"rendered":"<p>Wine set with stainless steel accessories: pulltap corkscrew with folding blade, drip ring, stopper and pouring spout. Composition: Stainless steel.Remarks:<\/p>","protected":false},"featured_media":9355,"comment_status":"open","ping_status":"closed","template":"","meta":[],"product_cat":[30,245],"product_tag":[],"class_list":{"0":"post-9354","1":"product","2":"type-product","3":"status-publish","4":"has-post-thumbnail","6":"product_cat-cheese_wine","7":"product_cat-kitchen","9":"first","10":"instock","11":"shipping-taxable","12":"purchasable","13":"product-type-variable"},"_links":{"self":[{"href":"https:\/\/www.promotio.sk\/de\/wp-json\/wp\/v2\/product\/9354","targetHints":{"allow":["GET"]}}],"collection":[{"href":"https:\/\/www.promotio.sk\/de\/wp-json\/wp\/v2\/product"}],"about":[{"href":"https:\/\/www.promotio.sk\/de\/wp-json\/wp\/v2\/types\/product"}],"replies":[{"embeddable":true,"href":"https:\/\/www.promotio.sk\/de\/wp-json\/wp\/v2\/comments?post=9354"}],"wp:featuredmedia":[{"embeddable":true,"href":"https:\/\/www.promotio.sk\/de\/wp-json\/wp\/v2\/media\/9355"}],"wp:attachment":[{"href":"https:\/\/www.promotio.sk\/de\/wp-json\/wp\/v2\/media?parent=9354"}],"wp:term":[{"taxonomy":"product_cat","embeddable":true,"href":"https:\/\/www.promotio.sk\/de\/wp-json\/wp\/v2\/product_cat?post=9354"},{"taxonomy":"product_tag","embeddable":true,"href":"https:\/\/www.promotio.sk\/de\/wp-json\/wp\/v2\/product_tag?post=9354"}],"curies":[{"name":"wp","href":"https:\/\/api.w.org\/{rel}","templated":true}]}}