{"id":9352,"date":"2024-03-06T20:50:11","date_gmt":"2024-03-06T19:50:11","guid":{"rendered":"https:\/\/www.promotio.sk\/shop\/uncategorized\/colins\/"},"modified":"2024-03-06T20:50:45","modified_gmt":"2024-03-06T19:50:45","slug":"colins","status":"publish","type":"product","link":"https:\/\/www.promotio.sk\/de\/shop\/promo-items\/kitchen\/openers_accessories\/colins\/","title":{"rendered":"COLINS"},"content":{"rendered":"<p>Kompakter Design\u00f6ffner aus Bambus mit Edelstahl-Innenleben und oberem Druckgussteil zum Aufh\u00e4ngen.<br \/>Zusammensetzung: Nat\u00fcrlicher Bambus.<br \/>Hinweise: Da es sich um ein Produkt aus nat\u00fcrlichem Bambus handelt, kann es zu leichten Abweichungen in Gr\u00f6\u00dfe und Farbe kommen.<\/p>","protected":false},"excerpt":{"rendered":"<p>Compact design opener made of bamboo with a stainless steel interior and upper die-cast for hanging.Composition: Natural bamboo.Remarks: Being a<\/p>","protected":false},"featured_media":9353,"comment_status":"open","ping_status":"closed","template":"","meta":[],"product_cat":[245,31],"product_tag":[],"class_list":{"0":"post-9352","1":"product","2":"type-product","3":"status-publish","4":"has-post-thumbnail","6":"product_cat-kitchen","7":"product_cat-openers_accessories","9":"first","10":"instock","11":"shipping-taxable","12":"purchasable","13":"product-type-variable"},"_links":{"self":[{"href":"https:\/\/www.promotio.sk\/de\/wp-json\/wp\/v2\/product\/9352","targetHints":{"allow":["GET"]}}],"collection":[{"href":"https:\/\/www.promotio.sk\/de\/wp-json\/wp\/v2\/product"}],"about":[{"href":"https:\/\/www.promotio.sk\/de\/wp-json\/wp\/v2\/types\/product"}],"replies":[{"embeddable":true,"href":"https:\/\/www.promotio.sk\/de\/wp-json\/wp\/v2\/comments?post=9352"}],"wp:featuredmedia":[{"embeddable":true,"href":"https:\/\/www.promotio.sk\/de\/wp-json\/wp\/v2\/media\/9353"}],"wp:attachment":[{"href":"https:\/\/www.promotio.sk\/de\/wp-json\/wp\/v2\/media?parent=9352"}],"wp:term":[{"taxonomy":"product_cat","embeddable":true,"href":"https:\/\/www.promotio.sk\/de\/wp-json\/wp\/v2\/product_cat?post=9352"},{"taxonomy":"product_tag","embeddable":true,"href":"https:\/\/www.promotio.sk\/de\/wp-json\/wp\/v2\/product_tag?post=9352"}],"curies":[{"name":"wp","href":"https:\/\/api.w.org\/{rel}","templated":true}]}}