{"id":9296,"date":"2024-03-06T20:46:50","date_gmt":"2024-03-06T19:46:50","guid":{"rendered":"https:\/\/www.promotio.sk\/shop\/nezaraden\u00e9\/saipan\/"},"modified":"2024-03-06T20:47:48","modified_gmt":"2024-03-06T19:47:48","slug":"saipan","status":"publish","type":"product","link":"https:\/\/www.promotio.sk\/de\/shop\/promo-items\/kitchen\/openers_accessories\/saipan\/","title":{"rendered":"SAIPAN"},"content":{"rendered":"<p>\u00d6ffner mit Edelstahlkorkenzieher im klassischen Design mit Bambusgriff. Pr\u00e4sentation in \u00d6kodesign-Box.<br \/>Zusammensetzung: Edelstahl und Bambus<br \/>Bemerkungen: Presentaci\u00f3n caja dise\u00f1o eco.<\/p>","protected":false},"excerpt":{"rendered":"<p>Opener with stainless steel corkscrew in a classic design with bamboo grip. Presentation in eco design box.Composition: Acero inoxidable y<\/p>","protected":false},"featured_media":9297,"comment_status":"open","ping_status":"closed","template":"","meta":[],"product_cat":[245,31],"product_tag":[],"class_list":{"0":"post-9296","1":"product","2":"type-product","3":"status-publish","4":"has-post-thumbnail","6":"product_cat-kitchen","7":"product_cat-openers_accessories","9":"first","10":"instock","11":"shipping-taxable","12":"purchasable","13":"product-type-variable"},"_links":{"self":[{"href":"https:\/\/www.promotio.sk\/de\/wp-json\/wp\/v2\/product\/9296","targetHints":{"allow":["GET"]}}],"collection":[{"href":"https:\/\/www.promotio.sk\/de\/wp-json\/wp\/v2\/product"}],"about":[{"href":"https:\/\/www.promotio.sk\/de\/wp-json\/wp\/v2\/types\/product"}],"replies":[{"embeddable":true,"href":"https:\/\/www.promotio.sk\/de\/wp-json\/wp\/v2\/comments?post=9296"}],"wp:featuredmedia":[{"embeddable":true,"href":"https:\/\/www.promotio.sk\/de\/wp-json\/wp\/v2\/media\/9297"}],"wp:attachment":[{"href":"https:\/\/www.promotio.sk\/de\/wp-json\/wp\/v2\/media?parent=9296"}],"wp:term":[{"taxonomy":"product_cat","embeddable":true,"href":"https:\/\/www.promotio.sk\/de\/wp-json\/wp\/v2\/product_cat?post=9296"},{"taxonomy":"product_tag","embeddable":true,"href":"https:\/\/www.promotio.sk\/de\/wp-json\/wp\/v2\/product_tag?post=9296"}],"curies":[{"name":"wp","href":"https:\/\/api.w.org\/{rel}","templated":true}]}}