{"id":9293,"date":"2024-03-06T20:46:42","date_gmt":"2024-03-06T19:46:42","guid":{"rendered":"https:\/\/www.promotio.sk\/shop\/uncategorized\/bordel\/"},"modified":"2024-03-06T20:47:40","modified_gmt":"2024-03-06T19:47:40","slug":"bordel","status":"publish","type":"product","link":"https:\/\/www.promotio.sk\/de\/shop\/promo-items\/kitchen\/cheese_wine\/bordel\/","title":{"rendered":"BORDEL"},"content":{"rendered":"<p>Die Weinflaschenkiste aus Holz ist die perfekte Erg\u00e4nzung, um die Weinflasche auf elegante Weise zu transportieren und zu pr\u00e4sentieren. Aus Holz gefertigt bietet diese Kiste sicheren Schutz und eine edle Optik.<br \/>\nDer Koffer hat ein spezielles Design, das ein Weinset beinhaltet, das auf dem Deckel pr\u00e4sentiert wird. Dieses Set besteht aus Edelstahlzubeh\u00f6r, wie einem Korkenzieher mit Kapselschneider, einem Spender, einem Stopfen und einem Tropfring. Diese Elemente bieten alle notwendigen Werkzeuge, um die Flasche Wein m\u00fchelos zu \u00f6ffnen und zu genie\u00dfen.<br \/>\nDie Innenseite der H\u00fclle ist gepolstert, um die Sicherheit und Stabilit\u00e4t der Flasche w\u00e4hrend des Transports zu gew\u00e4hrleisten. Dar\u00fcber hinaus bietet das bei der Herstellung verwendete Holz zus\u00e4tzlichen Schutz vor St\u00f6\u00dfen und Temperaturschwankungen.<br \/>\nDiese Pr\u00e4sentation macht ihn auch zum idealen Geschenk f\u00fcr Weinliebhaber und Weinerlebnisse.<br \/>Zusammensetzung: Madera<br \/>Anmerkungen: Pr\u00e4sentation in caja dise\u00f1o eco.<\/p>","protected":false},"excerpt":{"rendered":"<p>The wooden wine bottle case is the perfect complement to transport and present the wine bottle in an elegant way.<\/p>","protected":false},"featured_media":9294,"comment_status":"open","ping_status":"closed","template":"","meta":[],"product_cat":[30,245],"product_tag":[],"class_list":{"0":"post-9293","1":"product","2":"type-product","3":"status-publish","4":"has-post-thumbnail","6":"product_cat-cheese_wine","7":"product_cat-kitchen","9":"first","10":"instock","11":"shipping-taxable","12":"purchasable","13":"product-type-variable"},"_links":{"self":[{"href":"https:\/\/www.promotio.sk\/de\/wp-json\/wp\/v2\/product\/9293","targetHints":{"allow":["GET"]}}],"collection":[{"href":"https:\/\/www.promotio.sk\/de\/wp-json\/wp\/v2\/product"}],"about":[{"href":"https:\/\/www.promotio.sk\/de\/wp-json\/wp\/v2\/types\/product"}],"replies":[{"embeddable":true,"href":"https:\/\/www.promotio.sk\/de\/wp-json\/wp\/v2\/comments?post=9293"}],"wp:featuredmedia":[{"embeddable":true,"href":"https:\/\/www.promotio.sk\/de\/wp-json\/wp\/v2\/media\/9294"}],"wp:attachment":[{"href":"https:\/\/www.promotio.sk\/de\/wp-json\/wp\/v2\/media?parent=9293"}],"wp:term":[{"taxonomy":"product_cat","embeddable":true,"href":"https:\/\/www.promotio.sk\/de\/wp-json\/wp\/v2\/product_cat?post=9293"},{"taxonomy":"product_tag","embeddable":true,"href":"https:\/\/www.promotio.sk\/de\/wp-json\/wp\/v2\/product_tag?post=9293"}],"curies":[{"name":"wp","href":"https:\/\/api.w.org\/{rel}","templated":true}]}}