{"id":8941,"date":"2024-03-06T20:06:14","date_gmt":"2024-03-06T19:06:14","guid":{"rendered":"https:\/\/www.promotio.sk\/shop\/uncategorized\/amber\/"},"modified":"2024-03-06T20:06:57","modified_gmt":"2024-03-06T19:06:57","slug":"amber","status":"publish","type":"product","link":"https:\/\/www.promotio.sk\/de\/shop\/promo-items\/writing_office\/office_accessories\/amber\/","title":{"rendered":"BERNSTEIN"},"content":{"rendered":"<p>Die 15\u2033 Laptoph\u00fclle aus Recyclingfilz im Vigore-Design ist die perfekte L\u00f6sung, um Ihren Laptop sicher und nachhaltig zu sch\u00fctzen. <\/p>\n<p>Das kraftvolle Design verleiht der Tasche ein modernes und attraktives Aussehen. Dank der Klettverschlussklappe k\u00f6nnen Sie problemlos auf Ihr Notebook zugreifen und es ist jederzeit gesch\u00fctzt, sodass es nicht verrutscht oder herunterf\u00e4llt.<br \/>\nIm Inneren verf\u00fcgt die Tasche \u00fcber zwei zus\u00e4tzliche F\u00e4cher, in denen Sie Zubeh\u00f6r und wichtige Dokumente \u00fcbersichtlich verstauen k\u00f6nnen. So k\u00f6nnen Sie Ihr Ladeger\u00e4t, Kabel, Stifte oder andere wichtige Dinge immer dabei haben und haben sie immer griffbereit.<\/p>\n<p>Der in dieser H\u00fclle verwendete recycelte Filz ist langlebig und robust und bietet Ihrem Laptop zus\u00e4tzlichen Schutz vor St\u00f6\u00dfen und Kratzern. W\u00e4hlen Sie eine nachhaltige und stilvolle Option zum Schutz Ihres Laptops mit der H\u00fclle aus recyceltem Filz in einem kr\u00e4ftigen Design. Sch\u00fctzen Sie Ihren Laptop und schonen Sie gleichzeitig die Umwelt mit dieser umweltfreundlichen und funktionalen H\u00fclle.<br \/>Zusammensetzung: Fieltro reciclado<\/p>","protected":false},"excerpt":{"rendered":"<p>The 15&#8243; laptop sleeve made of recycled felt with a vigore design is the perfect solution to protect your laptop<\/p>","protected":false},"featured_media":8942,"comment_status":"open","ping_status":"closed","template":"","meta":[],"product_cat":[41,39],"product_tag":[],"class_list":{"0":"post-8941","1":"product","2":"type-product","3":"status-publish","4":"has-post-thumbnail","6":"product_cat-office_accessories","7":"product_cat-writing_office","9":"first","10":"instock","11":"shipping-taxable","12":"purchasable","13":"product-type-variable"},"_links":{"self":[{"href":"https:\/\/www.promotio.sk\/de\/wp-json\/wp\/v2\/product\/8941","targetHints":{"allow":["GET"]}}],"collection":[{"href":"https:\/\/www.promotio.sk\/de\/wp-json\/wp\/v2\/product"}],"about":[{"href":"https:\/\/www.promotio.sk\/de\/wp-json\/wp\/v2\/types\/product"}],"replies":[{"embeddable":true,"href":"https:\/\/www.promotio.sk\/de\/wp-json\/wp\/v2\/comments?post=8941"}],"wp:featuredmedia":[{"embeddable":true,"href":"https:\/\/www.promotio.sk\/de\/wp-json\/wp\/v2\/media\/8942"}],"wp:attachment":[{"href":"https:\/\/www.promotio.sk\/de\/wp-json\/wp\/v2\/media?parent=8941"}],"wp:term":[{"taxonomy":"product_cat","embeddable":true,"href":"https:\/\/www.promotio.sk\/de\/wp-json\/wp\/v2\/product_cat?post=8941"},{"taxonomy":"product_tag","embeddable":true,"href":"https:\/\/www.promotio.sk\/de\/wp-json\/wp\/v2\/product_tag?post=8941"}],"curies":[{"name":"wp","href":"https:\/\/api.w.org\/{rel}","templated":true}]}}