{"id":8899,"date":"2024-03-06T19:46:56","date_gmt":"2024-03-06T18:46:56","guid":{"rendered":"https:\/\/www.promotio.sk\/shop\/uncategorized\/samper\/"},"modified":"2024-03-06T19:48:13","modified_gmt":"2024-03-06T18:48:13","slug":"samper","status":"publish","type":"product","link":"https:\/\/www.promotio.sk\/de\/shop\/promo-items\/writing_office\/office_accessories\/samper\/","title":{"rendered":"SAMPLER"},"content":{"rendered":"<p>Der Multifunktionsordner RPET 300D A5 ist ein vielseitiges und praktisches Zubeh\u00f6r, mit dem Sie Ihre Dokumente organisieren k\u00f6nnen. Dieser Ordner besteht aus RPET, einem hochwertigen Recyclingmaterial, und zeigt Ihr Engagement f\u00fcr den Umweltschutz.<br \/>\nMit seinem Magnetverschluss sorgt der Ordner daf\u00fcr, dass Ihre Dokumente und Gegenst\u00e4nde sicher im Inneren verbleiben. Dar\u00fcber hinaus verf\u00fcgt er \u00fcber ein im Deckel integriertes kabelloses Ladeger\u00e4t, mit dem Sie Ihre kabellos ladef\u00e4higen Ger\u00e4te bequem aufladen k\u00f6nnen.<br \/>\nIm Inneren der Mappe finden Sie einen herausnehmbaren Notizblock mit 56 Bl\u00e4ttern und ein Fach f\u00fcr Ihr Mobiltelefon, in dem Sie es griffbereit und gesch\u00fctzt aufbewahren k\u00f6nnen. Ein Kartenhalter und ein Handyhalter sind ebenfalls im Lieferumfang enthalten.<br \/>\nDer Ordner verf\u00fcgt au\u00dferdem \u00fcber einen praktischen Stifthalter, sodass Sie immer einen zur Hand haben, wenn Sie ihn brauchen. Dar\u00fcber hinaus ist ein Kabel mit 3 Eing\u00e4ngen (Typ C und USB-Ausgang) im Lieferumfang enthalten, mit dem Sie verschiedene Ger\u00e4te aufladen k\u00f6nnen und das die Kompatibilit\u00e4t mit verschiedenen elektronischen Ger\u00e4ten gew\u00e4hrleistet.<br \/>Zusammensetzung: RPET<br \/>Anmerkungen: Typ C und USB: 5V\/2A<br \/>\nKabelloses Signal: 5 W<br \/>\nUSB-Ausgang: 5 V\/2 A<br \/>\nPr\u00e4sentation in caja design eco.<\/p>","protected":false},"excerpt":{"rendered":"<p>The RPET 300D multifunction A5 folder is a versatile and practical accessory that allows you to organize your documents. Made<\/p>","protected":false},"featured_media":8900,"comment_status":"open","ping_status":"closed","template":"","meta":[],"product_cat":[43,41,39],"product_tag":[],"class_list":{"0":"post-8899","1":"product","2":"type-product","3":"status-publish","4":"has-post-thumbnail","6":"product_cat-notebooks","7":"product_cat-office_accessories","8":"product_cat-writing_office","10":"first","11":"instock","12":"shipping-taxable","13":"purchasable","14":"product-type-variable"},"_links":{"self":[{"href":"https:\/\/www.promotio.sk\/de\/wp-json\/wp\/v2\/product\/8899","targetHints":{"allow":["GET"]}}],"collection":[{"href":"https:\/\/www.promotio.sk\/de\/wp-json\/wp\/v2\/product"}],"about":[{"href":"https:\/\/www.promotio.sk\/de\/wp-json\/wp\/v2\/types\/product"}],"replies":[{"embeddable":true,"href":"https:\/\/www.promotio.sk\/de\/wp-json\/wp\/v2\/comments?post=8899"}],"wp:featuredmedia":[{"embeddable":true,"href":"https:\/\/www.promotio.sk\/de\/wp-json\/wp\/v2\/media\/8900"}],"wp:attachment":[{"href":"https:\/\/www.promotio.sk\/de\/wp-json\/wp\/v2\/media?parent=8899"}],"wp:term":[{"taxonomy":"product_cat","embeddable":true,"href":"https:\/\/www.promotio.sk\/de\/wp-json\/wp\/v2\/product_cat?post=8899"},{"taxonomy":"product_tag","embeddable":true,"href":"https:\/\/www.promotio.sk\/de\/wp-json\/wp\/v2\/product_tag?post=8899"}],"curies":[{"name":"wp","href":"https:\/\/api.w.org\/{rel}","templated":true}]}}