{"id":8819,"date":"2024-03-06T19:39:42","date_gmt":"2024-03-06T18:39:42","guid":{"rendered":"https:\/\/www.promotio.sk\/shop\/uncategorized\/minto\/"},"modified":"2024-03-07T09:34:50","modified_gmt":"2024-03-07T08:34:50","slug":"minto","status":"publish","type":"product","link":"https:\/\/www.promotio.sk\/de\/shop\/promo-items\/writing_office\/office_accessories\/minto\/","title":{"rendered":"MINTO"},"content":{"rendered":"<p>Federm\u00e4ppchen aus RPET-Material mit passendem Rei\u00dfverschluss und drehbarem Karabiner. Es ist das perfekte Accessoire, um Ihre Buntstifte sicher und organisiert zu transportieren. Dieses aus recycelten Materialien hergestellte Etui zeigt Ihr Engagement f\u00fcr den Umweltschutz.<br \/>\nMit dem passenden Rei\u00dfverschluss k\u00f6nnen Sie das Federm\u00e4ppchen einfach und schnell \u00f6ffnen und schlie\u00dfen. So bleiben Ihre Stifte gesch\u00fctzt und gehen nicht verloren. Dar\u00fcber hinaus k\u00f6nnen Sie das Federm\u00e4ppchen mit dem drehbaren Karabinerhaken bequem und einfach an Ihrem Rucksack, Ihrer Tasche oder an jedem anderen Ort befestigen.<br \/>\nDas Federm\u00e4ppchen enth\u00e4lt 8 Buntstifte, mit denen Sie Ihrer Kreativit\u00e4t jederzeit und \u00fcberall freien Lauf lassen k\u00f6nnen. Buntstifte eignen sich hervorragend zum Zeichnen, Malen oder Skizzieren und mit diesem Etui haben Sie sie immer griffbereit.<br \/>\nDar\u00fcber hinaus ist im Federm\u00e4ppchen ein Anspitzer enthalten, sodass deine Bleistifte immer gespitzt und einsatzbereit sind. Mit dieser Kombination aus Federm\u00e4ppchen, Buntstiften und Anspitzer hast du alles, was du brauchst, um deiner Kreativit\u00e4t farbenfroh und lebendig Ausdruck zu verleihen.<br \/>Zusammensetzung: RPET<\/p>","protected":false},"excerpt":{"rendered":"<p>Pencil case made of RPET material with matching zip and swivel carabiner, it is the perfect accessory to carry your<\/p>","protected":false},"featured_media":8820,"comment_status":"open","ping_status":"closed","template":"","meta":[],"product_cat":[41,270,39],"product_tag":[],"class_list":{"0":"post-8819","1":"product","2":"type-product","3":"status-publish","4":"has-post-thumbnail","6":"product_cat-office_accessories","7":"product_cat-pensils","8":"product_cat-writing_office","10":"first","11":"instock","12":"shipping-taxable","13":"purchasable","14":"product-type-variable"},"_links":{"self":[{"href":"https:\/\/www.promotio.sk\/de\/wp-json\/wp\/v2\/product\/8819","targetHints":{"allow":["GET"]}}],"collection":[{"href":"https:\/\/www.promotio.sk\/de\/wp-json\/wp\/v2\/product"}],"about":[{"href":"https:\/\/www.promotio.sk\/de\/wp-json\/wp\/v2\/types\/product"}],"replies":[{"embeddable":true,"href":"https:\/\/www.promotio.sk\/de\/wp-json\/wp\/v2\/comments?post=8819"}],"wp:featuredmedia":[{"embeddable":true,"href":"https:\/\/www.promotio.sk\/de\/wp-json\/wp\/v2\/media\/8820"}],"wp:attachment":[{"href":"https:\/\/www.promotio.sk\/de\/wp-json\/wp\/v2\/media?parent=8819"}],"wp:term":[{"taxonomy":"product_cat","embeddable":true,"href":"https:\/\/www.promotio.sk\/de\/wp-json\/wp\/v2\/product_cat?post=8819"},{"taxonomy":"product_tag","embeddable":true,"href":"https:\/\/www.promotio.sk\/de\/wp-json\/wp\/v2\/product_tag?post=8819"}],"curies":[{"name":"wp","href":"https:\/\/api.w.org\/{rel}","templated":true}]}}