{"id":8795,"date":"2024-03-06T19:35:59","date_gmt":"2024-03-06T18:35:59","guid":{"rendered":"https:\/\/www.promotio.sk\/shop\/uncategorized\/promet\/"},"modified":"2024-03-06T19:38:12","modified_gmt":"2024-03-06T18:38:12","slug":"promet","status":"publish","type":"product","link":"https:\/\/www.promotio.sk\/de\/shop\/promo-items\/writing_office\/pens\/promet\/","title":{"rendered":"PROMET"},"content":{"rendered":"<p>Stifthalter mit integriertem kabellosen Ladeger\u00e4t. Aus Naturkork. Enth\u00e4lt 2 zus\u00e4tzliche USB-Anschl\u00fcsse auf der R\u00fcckseite mit einer Leistung von 5 W. Kabel enthalten.<br \/>Zusammensetzung: Naturkork.<br \/>Bemerkungen: Micro USB-Eingang: DC5V\/2A<br \/>\nDrahtlose Leistung: 5 W<br \/>\nUSB-Ausgang: DC5V\/2A<br \/>\nUSB-Kabel im Lieferumfang enthalten.<br \/>\nBedienungsanleitung in 4 Sprachen verf\u00fcgbar: Spanisch, Englisch, Franz\u00f6sisch und Italienisch. Pr\u00e4sentation in einer \u00d6kodesign-Box.<\/p>","protected":false},"excerpt":{"rendered":"<p>Pencil holder with integrated wireless charger. Made of natural cork. Includes 2 additional USB ports in the back, with a<\/p>","protected":false},"featured_media":8796,"comment_status":"open","ping_status":"closed","template":"","meta":[],"product_cat":[205,39],"product_tag":[],"class_list":{"0":"post-8795","1":"product","2":"type-product","3":"status-publish","4":"has-post-thumbnail","6":"product_cat-pens","7":"product_cat-writing_office","9":"first","10":"instock","11":"shipping-taxable","12":"purchasable","13":"product-type-variable"},"_links":{"self":[{"href":"https:\/\/www.promotio.sk\/de\/wp-json\/wp\/v2\/product\/8795","targetHints":{"allow":["GET"]}}],"collection":[{"href":"https:\/\/www.promotio.sk\/de\/wp-json\/wp\/v2\/product"}],"about":[{"href":"https:\/\/www.promotio.sk\/de\/wp-json\/wp\/v2\/types\/product"}],"replies":[{"embeddable":true,"href":"https:\/\/www.promotio.sk\/de\/wp-json\/wp\/v2\/comments?post=8795"}],"wp:featuredmedia":[{"embeddable":true,"href":"https:\/\/www.promotio.sk\/de\/wp-json\/wp\/v2\/media\/8796"}],"wp:attachment":[{"href":"https:\/\/www.promotio.sk\/de\/wp-json\/wp\/v2\/media?parent=8795"}],"wp:term":[{"taxonomy":"product_cat","embeddable":true,"href":"https:\/\/www.promotio.sk\/de\/wp-json\/wp\/v2\/product_cat?post=8795"},{"taxonomy":"product_tag","embeddable":true,"href":"https:\/\/www.promotio.sk\/de\/wp-json\/wp\/v2\/product_tag?post=8795"}],"curies":[{"name":"wp","href":"https:\/\/api.w.org\/{rel}","templated":true}]}}