{"id":8542,"date":"2024-03-06T19:12:50","date_gmt":"2024-03-06T18:12:50","guid":{"rendered":"https:\/\/www.promotio.sk\/shop\/uncategorized\/kruger\/"},"modified":"2024-03-06T19:14:51","modified_gmt":"2024-03-06T18:14:51","slug":"kruger","status":"publish","type":"product","link":"https:\/\/www.promotio.sk\/de\/shop\/promo-items\/writing_office\/pens\/kruger\/","title":{"rendered":"KR\u00dcGER"},"content":{"rendered":"<p>Kugelschreiber mit Aluminiumgeh\u00e4use und Druckknopf in eloxierter Ausf\u00fchrung. Touchpointer und Jumbo-Mine mit blauer Tinte. In verschiedenen Farben erh\u00e4ltlich.<br \/>Zusammensetzung: Aluminium<\/p>","protected":false},"excerpt":{"rendered":"<p>Ball pen with aluminium body and push button in anodized finish. Touch pointer and jumbo refill in blue ink. Available<\/p>","protected":false},"featured_media":8543,"comment_status":"open","ping_status":"closed","template":"","meta":[],"product_cat":[205,39],"product_tag":[],"class_list":{"0":"post-8542","1":"product","2":"type-product","3":"status-publish","4":"has-post-thumbnail","6":"product_cat-pens","7":"product_cat-writing_office","9":"first","10":"instock","11":"shipping-taxable","12":"purchasable","13":"product-type-variable"},"_links":{"self":[{"href":"https:\/\/www.promotio.sk\/de\/wp-json\/wp\/v2\/product\/8542","targetHints":{"allow":["GET"]}}],"collection":[{"href":"https:\/\/www.promotio.sk\/de\/wp-json\/wp\/v2\/product"}],"about":[{"href":"https:\/\/www.promotio.sk\/de\/wp-json\/wp\/v2\/types\/product"}],"replies":[{"embeddable":true,"href":"https:\/\/www.promotio.sk\/de\/wp-json\/wp\/v2\/comments?post=8542"}],"wp:featuredmedia":[{"embeddable":true,"href":"https:\/\/www.promotio.sk\/de\/wp-json\/wp\/v2\/media\/8543"}],"wp:attachment":[{"href":"https:\/\/www.promotio.sk\/de\/wp-json\/wp\/v2\/media?parent=8542"}],"wp:term":[{"taxonomy":"product_cat","embeddable":true,"href":"https:\/\/www.promotio.sk\/de\/wp-json\/wp\/v2\/product_cat?post=8542"},{"taxonomy":"product_tag","embeddable":true,"href":"https:\/\/www.promotio.sk\/de\/wp-json\/wp\/v2\/product_tag?post=8542"}],"curies":[{"name":"wp","href":"https:\/\/api.w.org\/{rel}","templated":true}]}}