{"id":8078,"date":"2024-03-06T18:30:34","date_gmt":"2024-03-06T17:30:34","guid":{"rendered":"https:\/\/www.promotio.sk\/shop\/uncategorized\/tansa\/"},"modified":"2024-03-06T18:31:53","modified_gmt":"2024-03-06T17:31:53","slug":"tansa","status":"publish","type":"product","link":"https:\/\/www.promotio.sk\/de\/shop\/promo-items\/writing_office\/pens\/tansa\/","title":{"rendered":"TANSA"},"content":{"rendered":"<p>Einzigartiger Stift mit Bambus-Druckknopf und Geh\u00e4use aus recyceltem Aluminium in elegantem mattem Finish. Mit einem mattgrauen Clip vereint dieser Stift Stil und Nachhaltigkeit.<\/p>\n<p>Dieser Stift verwendet eine Jumbo-Ladung blauer Tinte, die ein gleichm\u00e4\u00dfiges und dauerhaftes Schreiben gew\u00e4hrleistet. Egal, ob Sie im B\u00fcro Notizen machen, in Ihr Tagebuch schreiben oder wichtige Dokumente unterschreiben, dieser Stift bietet Ihnen ein au\u00dfergew\u00f6hnliches Schreiberlebnis.<\/p>\n<p>Wir legen bei der Gestaltung unserer Stifte Wert auf die Verwendung umweltfreundlicher Materialien wie Bambus und recyceltem Aluminium. Treffen Sie mit unserem Druckknopfstift aus Bambus und dem Geh\u00e4use aus recyceltem Aluminium in mattem Finish eine bewusste und anspruchsvolle Wahl.<br \/>Zusammensetzung: Bambus und recyceltes Aluminium<\/p>","protected":false},"excerpt":{"rendered":"<p>Unique pen with bamboo push-button and recycled aluminium body in an elegant matte finish. With a matte grey clip, this<\/p>","protected":false},"featured_media":8079,"comment_status":"open","ping_status":"closed","template":"","meta":[],"product_cat":[205,39],"product_tag":[],"class_list":{"0":"post-8078","1":"product","2":"type-product","3":"status-publish","4":"has-post-thumbnail","6":"product_cat-pens","7":"product_cat-writing_office","9":"first","10":"instock","11":"shipping-taxable","12":"purchasable","13":"product-type-variable"},"_links":{"self":[{"href":"https:\/\/www.promotio.sk\/de\/wp-json\/wp\/v2\/product\/8078","targetHints":{"allow":["GET"]}}],"collection":[{"href":"https:\/\/www.promotio.sk\/de\/wp-json\/wp\/v2\/product"}],"about":[{"href":"https:\/\/www.promotio.sk\/de\/wp-json\/wp\/v2\/types\/product"}],"replies":[{"embeddable":true,"href":"https:\/\/www.promotio.sk\/de\/wp-json\/wp\/v2\/comments?post=8078"}],"wp:featuredmedia":[{"embeddable":true,"href":"https:\/\/www.promotio.sk\/de\/wp-json\/wp\/v2\/media\/8079"}],"wp:attachment":[{"href":"https:\/\/www.promotio.sk\/de\/wp-json\/wp\/v2\/media?parent=8078"}],"wp:term":[{"taxonomy":"product_cat","embeddable":true,"href":"https:\/\/www.promotio.sk\/de\/wp-json\/wp\/v2\/product_cat?post=8078"},{"taxonomy":"product_tag","embeddable":true,"href":"https:\/\/www.promotio.sk\/de\/wp-json\/wp\/v2\/product_tag?post=8078"}],"curies":[{"name":"wp","href":"https:\/\/api.w.org\/{rel}","templated":true}]}}