{"id":8058,"date":"2024-03-06T18:29:00","date_gmt":"2024-03-06T17:29:00","guid":{"rendered":"https:\/\/www.promotio.sk\/shop\/uncategorized\/kanor\/"},"modified":"2024-03-06T18:30:32","modified_gmt":"2024-03-06T17:30:32","slug":"kanor","status":"publish","type":"product","link":"https:\/\/www.promotio.sk\/de\/shop\/promo-items\/writing_office\/pens\/kanor\/","title":{"rendered":"KANOR"},"content":{"rendered":"<p>Stift mit Geh\u00e4use aus recyceltem ABS, der zur Reduzierung der Umweltbelastung beitr\u00e4gt. Mit einem komfortablen Druckknopf erm\u00f6glicht Ihnen dieser Stift ein fl\u00fcssiges und pr\u00e4zises Schreiben. Hochwertige blaue Tinte sorgt f\u00fcr leserliche und langlebige Schrift. Egal, ob Sie im B\u00fcro Notizen machen oder in Ihr pers\u00f6nliches Tagebuch schreiben, dieser Stift ist zuverl\u00e4ssig und umweltfreundlich. Treffen Sie eine nachhaltige Wahl und machen Sie einen Unterschied mit unserem Stift mit Druckknopf und Geh\u00e4use aus recyceltem ABS.<br \/>Zusammensetzung: recyceltes ABS<\/p>","protected":false},"excerpt":{"rendered":"<p>Pen with recycled ABS body that helps reduce environmental impact. With a comfortable push button, this pen allows you to<\/p>","protected":false},"featured_media":8059,"comment_status":"open","ping_status":"closed","template":"","meta":[],"product_cat":[205,39],"product_tag":[],"class_list":{"0":"post-8058","1":"product","2":"type-product","3":"status-publish","4":"has-post-thumbnail","6":"product_cat-pens","7":"product_cat-writing_office","9":"first","10":"instock","11":"shipping-taxable","12":"purchasable","13":"product-type-variable"},"_links":{"self":[{"href":"https:\/\/www.promotio.sk\/de\/wp-json\/wp\/v2\/product\/8058","targetHints":{"allow":["GET"]}}],"collection":[{"href":"https:\/\/www.promotio.sk\/de\/wp-json\/wp\/v2\/product"}],"about":[{"href":"https:\/\/www.promotio.sk\/de\/wp-json\/wp\/v2\/types\/product"}],"replies":[{"embeddable":true,"href":"https:\/\/www.promotio.sk\/de\/wp-json\/wp\/v2\/comments?post=8058"}],"wp:featuredmedia":[{"embeddable":true,"href":"https:\/\/www.promotio.sk\/de\/wp-json\/wp\/v2\/media\/8059"}],"wp:attachment":[{"href":"https:\/\/www.promotio.sk\/de\/wp-json\/wp\/v2\/media?parent=8058"}],"wp:term":[{"taxonomy":"product_cat","embeddable":true,"href":"https:\/\/www.promotio.sk\/de\/wp-json\/wp\/v2\/product_cat?post=8058"},{"taxonomy":"product_tag","embeddable":true,"href":"https:\/\/www.promotio.sk\/de\/wp-json\/wp\/v2\/product_tag?post=8058"}],"curies":[{"name":"wp","href":"https:\/\/api.w.org\/{rel}","templated":true}]}}