{"id":8041,"date":"2024-03-06T18:27:48","date_gmt":"2024-03-06T17:27:48","guid":{"rendered":"https:\/\/www.promotio.sk\/shop\/uncategorized\/zagreb\/"},"modified":"2025-04-12T15:58:19","modified_gmt":"2025-04-12T13:58:19","slug":"zagreb","status":"publish","type":"product","link":"https:\/\/www.promotio.sk\/de\/shop\/promo-items\/writing_office\/pens\/zagreb\/","title":{"rendered":"ZAGREB"},"content":{"rendered":"<p>Der Stift mit spezieller Gummibeschichtung f\u00fcr Lasermarkierungen ist ein vielseitiges und funktionales Werkzeug. Sein ergonomisches Design und die Gummibeschichtung sorgen f\u00fcr ein weiches und komfortables Schreibgef\u00fchl.<br \/>\nMit diesem Stift k\u00f6nnen Sie dank der hochwertigen blauen Tinte nicht nur problemlos Notizen machen, sondern er verf\u00fcgt am anderen Ende auch \u00fcber einen Touchpointer. Der Touchpointer ist ideal f\u00fcr Touchscreen-Ger\u00e4te, da er Ihnen pr\u00e4zises und reibungsloses Navigieren, Schreiben oder Zeichnen erm\u00f6glicht.<br \/>\nDar\u00fcber hinaus ist der Stift speziell f\u00fcr die Laserbeschriftung konzipiert, was bedeutet, dass Sie ihn mithilfe einer hochpr\u00e4zisen Lasergravur mit Ihrem eigenen Logo, Namen oder einer Nachricht personalisieren k\u00f6nnen. Dies macht ihn zu einer gro\u00dfartigen Wahl als Firmen- oder Werbegeschenk.<\/p>","protected":false},"excerpt":{"rendered":"<p>The Special Rubber Finish Coated Pen for Laser Marking is a versatile and functional tool. Its ergonomic design and rubber<\/p>","protected":false},"featured_media":8042,"comment_status":"open","ping_status":"closed","template":"","meta":[],"product_cat":[205,39],"product_tag":[],"class_list":{"0":"post-8041","1":"product","2":"type-product","3":"status-publish","4":"has-post-thumbnail","6":"product_cat-pens","7":"product_cat-writing_office","9":"first","10":"instock","11":"shipping-taxable","12":"purchasable","13":"product-type-variable"},"_links":{"self":[{"href":"https:\/\/www.promotio.sk\/de\/wp-json\/wp\/v2\/product\/8041","targetHints":{"allow":["GET"]}}],"collection":[{"href":"https:\/\/www.promotio.sk\/de\/wp-json\/wp\/v2\/product"}],"about":[{"href":"https:\/\/www.promotio.sk\/de\/wp-json\/wp\/v2\/types\/product"}],"replies":[{"embeddable":true,"href":"https:\/\/www.promotio.sk\/de\/wp-json\/wp\/v2\/comments?post=8041"}],"wp:featuredmedia":[{"embeddable":true,"href":"https:\/\/www.promotio.sk\/de\/wp-json\/wp\/v2\/media\/8042"}],"wp:attachment":[{"href":"https:\/\/www.promotio.sk\/de\/wp-json\/wp\/v2\/media?parent=8041"}],"wp:term":[{"taxonomy":"product_cat","embeddable":true,"href":"https:\/\/www.promotio.sk\/de\/wp-json\/wp\/v2\/product_cat?post=8041"},{"taxonomy":"product_tag","embeddable":true,"href":"https:\/\/www.promotio.sk\/de\/wp-json\/wp\/v2\/product_tag?post=8041"}],"curies":[{"name":"wp","href":"https:\/\/api.w.org\/{rel}","templated":true}]}}