{"id":38308,"date":"2024-03-19T17:50:13","date_gmt":"2024-03-19T16:50:13","guid":{"rendered":"https:\/\/www.promotio.sk\/shop\/nezaraden\u00e9\/basel\/"},"modified":"2024-03-19T17:52:00","modified_gmt":"2024-03-19T16:52:00","slug":"basel","status":"publish","type":"product","link":"https:\/\/www.promotio.sk\/de\/shop\/sports\/cam_sp\/sp_tshi\/basel\/","title":{"rendered":"BASEL"},"content":{"rendered":"<p>Sporttop mit starkem Halt f\u00fcr Damen. Racerback-Tr\u00e4ger. Verst\u00e4rktes Gummiband unter der Brust. Doppeltes Gewebe und Futter. Herausnehmbare Schaumstoff-Cups. Gut sichtbares Roly-Logo auf der R\u00fcckseite.<br \/>\n<br \/>Zusammensetzung: 83% Polyester und 17% Elastan, 250 g\/m\u00b2.<br \/>Bemerkungen: * Abl\u00f6sbares Etikett<\/p>","protected":false},"excerpt":{"rendered":"<p>High support sports top for women. Racerback straps. Reinforced elastic band under the bust. Double fabric and lining. Removable foam<\/p>","protected":false},"featured_media":38309,"comment_status":"open","ping_status":"closed","template":"","meta":[],"product_cat":[624,623],"product_tag":[],"class_list":{"0":"post-38308","1":"product","2":"type-product","3":"status-publish","4":"has-post-thumbnail","6":"product_cat-sp_tshi","7":"product_cat-cam_sp","9":"first","10":"instock","11":"shipping-taxable","12":"purchasable","13":"product-type-variable"},"_links":{"self":[{"href":"https:\/\/www.promotio.sk\/de\/wp-json\/wp\/v2\/product\/38308","targetHints":{"allow":["GET"]}}],"collection":[{"href":"https:\/\/www.promotio.sk\/de\/wp-json\/wp\/v2\/product"}],"about":[{"href":"https:\/\/www.promotio.sk\/de\/wp-json\/wp\/v2\/types\/product"}],"replies":[{"embeddable":true,"href":"https:\/\/www.promotio.sk\/de\/wp-json\/wp\/v2\/comments?post=38308"}],"wp:featuredmedia":[{"embeddable":true,"href":"https:\/\/www.promotio.sk\/de\/wp-json\/wp\/v2\/media\/38309"}],"wp:attachment":[{"href":"https:\/\/www.promotio.sk\/de\/wp-json\/wp\/v2\/media?parent=38308"}],"wp:term":[{"taxonomy":"product_cat","embeddable":true,"href":"https:\/\/www.promotio.sk\/de\/wp-json\/wp\/v2\/product_cat?post=38308"},{"taxonomy":"product_tag","embeddable":true,"href":"https:\/\/www.promotio.sk\/de\/wp-json\/wp\/v2\/product_tag?post=38308"}],"curies":[{"name":"wp","href":"https:\/\/api.w.org\/{rel}","templated":true}]}}