{"id":38132,"date":"2024-03-19T17:38:38","date_gmt":"2024-03-19T16:38:38","guid":{"rendered":"https:\/\/www.promotio.sk\/shop\/nezaraden\u00e9\/montmelo\/"},"modified":"2024-03-19T17:41:45","modified_gmt":"2024-03-19T16:41:45","slug":"montmelo","status":"publish","type":"product","link":"https:\/\/www.promotio.sk\/de\/shop\/sports\/cam_sp\/montmelo\/","title":{"rendered":"MONTMELO"},"content":{"rendered":"<p>Kurz\u00e4rmliges technisches Poloshirt, ideal f\u00fcr den Sport. Zweifarbige Kombination. Kragen mit Kn\u00f6pfen, verdeckte N\u00e4hte und Knopfleiste in Kontrastfarbe. Leicht zu waschender und trocknender, atmungsaktiver Stoff.  <br \/>Zusammensetzung: 100% Polyester-Piqu\u00e9, 150 g\/m\u00b2.  <br \/>Anmerkungen: *Abnehmbares Etikett.<br \/>\n*Technischer Stoff.<br \/>\n*Atmungsaktiver Stoff.<br \/>\n<br \/><img decoding=\"async\" src=\"https:\/\/static.gorfactory.es\/pics\/measures\/PO_MC_HO.jpg\"><\/p>","protected":false},"excerpt":{"rendered":"<p>Short-sleeve technical polo-shirt, ideal for sports. Two-colour combination. Collar with buttons, covered seams and placket in colour contrast. Easy wash<\/p>","protected":false},"featured_media":38133,"comment_status":"open","ping_status":"closed","template":"","meta":[],"product_cat":[626,623],"product_tag":[],"class_list":{"0":"post-38132","1":"product","2":"type-product","3":"status-publish","4":"has-post-thumbnail","6":"product_cat-sp_polshi","7":"product_cat-cam_sp","9":"first","10":"instock","11":"shipping-taxable","12":"purchasable","13":"product-type-variable"},"_links":{"self":[{"href":"https:\/\/www.promotio.sk\/de\/wp-json\/wp\/v2\/product\/38132","targetHints":{"allow":["GET"]}}],"collection":[{"href":"https:\/\/www.promotio.sk\/de\/wp-json\/wp\/v2\/product"}],"about":[{"href":"https:\/\/www.promotio.sk\/de\/wp-json\/wp\/v2\/types\/product"}],"replies":[{"embeddable":true,"href":"https:\/\/www.promotio.sk\/de\/wp-json\/wp\/v2\/comments?post=38132"}],"wp:featuredmedia":[{"embeddable":true,"href":"https:\/\/www.promotio.sk\/de\/wp-json\/wp\/v2\/media\/38133"}],"wp:attachment":[{"href":"https:\/\/www.promotio.sk\/de\/wp-json\/wp\/v2\/media?parent=38132"}],"wp:term":[{"taxonomy":"product_cat","embeddable":true,"href":"https:\/\/www.promotio.sk\/de\/wp-json\/wp\/v2\/product_cat?post=38132"},{"taxonomy":"product_tag","embeddable":true,"href":"https:\/\/www.promotio.sk\/de\/wp-json\/wp\/v2\/product_tag?post=38132"}],"curies":[{"name":"wp","href":"https:\/\/api.w.org\/{rel}","templated":true}]}}