{"id":38012,"date":"2024-03-19T17:31:20","date_gmt":"2024-03-19T16:31:20","guid":{"rendered":"https:\/\/www.promotio.sk\/shop\/nezaraden\u00e9\/tamil-woman\/"},"modified":"2024-03-19T17:33:41","modified_gmt":"2024-03-19T16:33:41","slug":"tamil-woman","status":"publish","type":"product","link":"https:\/\/www.promotio.sk\/de\/shop\/sports\/cam_sp\/tamil-woman\/","title":{"rendered":"TAMILISCHE FRAU"},"content":{"rendered":"<p>Tailliertes technisches Poloshirt mit kurzen \u00c4rmeln f\u00fcr Damen aus antibakteriellem recyceltem Polyester. 1x1 Rippkragen und \u00c4rmelb\u00fcndchen. Verst\u00e4rkte verdeckte N\u00e4hte im Kragen. Knopfleiste mit 2 Verschlusskn\u00f6pfen. Kontrastierende Details und Schultern. Seitenschlitze am Saum.<br \/>\n<br \/>Zusammensetzung: 50% recyceltes Polyester \/ 50% antibakterielles Polyester.<br \/>\nFarbe: 140 g\/m\u00b2.<br \/>\n0102 Farbe: 150 g\/m\u00b2.<br \/>\n<br \/>Bemerkungen: * Recycelter Stoff.<br \/>\n* Antibakterieller Stoff.<br \/>\n* Abnehmbares Etikett.<br \/>\n<br \/><img decoding=\"async\" src=\"https:\/\/static.gorfactory.es\/pics\/measures\/PO_MC_MU.jpg\"><\/p>","protected":false},"excerpt":{"rendered":"<p>Fitted technical short-sleeve polo shirt for women in antibacterial recycled polyester. 1&#215;1 ribbed collar and detail in sleeves edging. Reinforced<\/p>","protected":false},"featured_media":38013,"comment_status":"open","ping_status":"closed","template":"","meta":[],"product_cat":[626,623],"product_tag":[],"class_list":{"0":"post-38012","1":"product","2":"type-product","3":"status-publish","4":"has-post-thumbnail","6":"product_cat-sp_polshi","7":"product_cat-cam_sp","9":"first","10":"instock","11":"shipping-taxable","12":"purchasable","13":"product-type-variable"},"_links":{"self":[{"href":"https:\/\/www.promotio.sk\/de\/wp-json\/wp\/v2\/product\/38012","targetHints":{"allow":["GET"]}}],"collection":[{"href":"https:\/\/www.promotio.sk\/de\/wp-json\/wp\/v2\/product"}],"about":[{"href":"https:\/\/www.promotio.sk\/de\/wp-json\/wp\/v2\/types\/product"}],"replies":[{"embeddable":true,"href":"https:\/\/www.promotio.sk\/de\/wp-json\/wp\/v2\/comments?post=38012"}],"wp:featuredmedia":[{"embeddable":true,"href":"https:\/\/www.promotio.sk\/de\/wp-json\/wp\/v2\/media\/38013"}],"wp:attachment":[{"href":"https:\/\/www.promotio.sk\/de\/wp-json\/wp\/v2\/media?parent=38012"}],"wp:term":[{"taxonomy":"product_cat","embeddable":true,"href":"https:\/\/www.promotio.sk\/de\/wp-json\/wp\/v2\/product_cat?post=38012"},{"taxonomy":"product_tag","embeddable":true,"href":"https:\/\/www.promotio.sk\/de\/wp-json\/wp\/v2\/product_tag?post=38012"}],"curies":[{"name":"wp","href":"https:\/\/api.w.org\/{rel}","templated":true}]}}