{"id":37808,"date":"2024-03-19T17:19:25","date_gmt":"2024-03-19T16:19:25","guid":{"rendered":"https:\/\/www.promotio.sk\/shop\/nezaraden\u00e9\/tamil\/"},"modified":"2024-03-19T17:23:20","modified_gmt":"2024-03-19T16:23:20","slug":"tamil","status":"publish","type":"product","link":"https:\/\/www.promotio.sk\/de\/shop\/sports\/cam_sp\/tamil\/","title":{"rendered":"Tamilisch"},"content":{"rendered":"<p>Technisches Kurzarm-Poloshirt aus antibakteriellem recyceltem Polyester f\u00fcr Herren. 1x1 Rippkragen und Detail an den \u00c4rmelkanten. Verst\u00e4rkte verdeckte N\u00e4hte im Kragen. Knopfleiste mit 2 verdeckten Verschlusskn\u00f6pfen. Kontrastierende Details und Schultern. Seitenschlitze am Saum.<br \/>Zusammensetzung: 50% recyceltes Polyester \/ 50% antibakterielles Polyester.<br \/>\nFarbe: 140 g\/m\u00b2.<br \/>\n0102 Farbe: 150 g\/m\u00b2.<br \/>\n<br \/>Bemerkungen: * Recycelter Stoff.<br \/>\n* Antibakterieller Stoff.<br \/>\n* Abnehmbares Etikett.<br \/>\n<br \/><img decoding=\"async\" src=\"https:\/\/static.gorfactory.es\/pics\/measures\/PO_MC_HO.jpg\"><\/p>","protected":false},"excerpt":{"rendered":"<p>Technical short-sleeve polo shirt in antibacterial recycled polyester for men. 1&#215;1 ribbed collar and detail in sleeves edging. Reinforced covered<\/p>","protected":false},"featured_media":37809,"comment_status":"open","ping_status":"closed","template":"","meta":[],"product_cat":[626,623],"product_tag":[],"class_list":{"0":"post-37808","1":"product","2":"type-product","3":"status-publish","4":"has-post-thumbnail","6":"product_cat-sp_polshi","7":"product_cat-cam_sp","9":"first","10":"instock","11":"shipping-taxable","12":"purchasable","13":"product-type-variable"},"_links":{"self":[{"href":"https:\/\/www.promotio.sk\/de\/wp-json\/wp\/v2\/product\/37808","targetHints":{"allow":["GET"]}}],"collection":[{"href":"https:\/\/www.promotio.sk\/de\/wp-json\/wp\/v2\/product"}],"about":[{"href":"https:\/\/www.promotio.sk\/de\/wp-json\/wp\/v2\/types\/product"}],"replies":[{"embeddable":true,"href":"https:\/\/www.promotio.sk\/de\/wp-json\/wp\/v2\/comments?post=37808"}],"wp:featuredmedia":[{"embeddable":true,"href":"https:\/\/www.promotio.sk\/de\/wp-json\/wp\/v2\/media\/37809"}],"wp:attachment":[{"href":"https:\/\/www.promotio.sk\/de\/wp-json\/wp\/v2\/media?parent=37808"}],"wp:term":[{"taxonomy":"product_cat","embeddable":true,"href":"https:\/\/www.promotio.sk\/de\/wp-json\/wp\/v2\/product_cat?post=37808"},{"taxonomy":"product_tag","embeddable":true,"href":"https:\/\/www.promotio.sk\/de\/wp-json\/wp\/v2\/product_tag?post=37808"}],"curies":[{"name":"wp","href":"https:\/\/api.w.org\/{rel}","templated":true}]}}