{"id":37383,"date":"2024-03-19T16:54:12","date_gmt":"2024-03-19T15:54:12","guid":{"rendered":"https:\/\/www.promotio.sk\/shop\/nezaraden\u00e9\/racing\/"},"modified":"2024-03-19T16:58:30","modified_gmt":"2024-03-19T15:58:30","slug":"racing","status":"publish","type":"product","link":"https:\/\/www.promotio.sk\/de\/shop\/sports\/equip\/racing\/","title":{"rendered":"RENNEN"},"content":{"rendered":"<p>Unisex-Sportset bestehend aus 2 T-Shirts + 1 Paar Shorts.<br \/>\n1.- Kurzarm mit breiter Kontrastrippe.<br \/>\n2.- Die Farbe des zweiten T-Shirts wird in umgekehrter Weise kombiniert.<br \/>\n3.- Rundhalsausschnitt mit zweifarbiger Rippe und verst\u00e4rkten verdeckten Innenn\u00e4hten.<br \/>\n4.- Shorts mit elastischem Bund, passendem Innenkordelzug und Sicherheitsn\u00e4hten.<br \/>Zusammensetzung: 100% Polyester, 140 g\/m\u00b2.<br \/>Bemerkungen: *Set ohne Socken.<br \/>\n*Abnehmbares Etikett.<br \/>\n*3-teiliges Set.<br \/>\n*In Kindergr\u00f6\u00dfen erh\u00e4ltlich.<br \/>\n*3 Jahre im Katalog.<br \/><img decoding=\"async\" src=\"https:\/\/static.gorfactory.es\/pics\/measures\/CJ_HO.jpg\"><\/p>","protected":false},"excerpt":{"rendered":"<p>Unisex sports set consisting of 2 t-shirts + 1 pair of shorts. 1.- Short-sleeves with wide contrasting rib. 2.- The<\/p>","protected":false},"featured_media":37384,"comment_status":"open","ping_status":"closed","template":"","meta":[],"product_cat":[631],"product_tag":[],"class_list":{"0":"post-37383","1":"product","2":"type-product","3":"status-publish","4":"has-post-thumbnail","6":"product_cat-equip","8":"first","9":"instock","10":"shipping-taxable","11":"purchasable","12":"product-type-variable"},"_links":{"self":[{"href":"https:\/\/www.promotio.sk\/de\/wp-json\/wp\/v2\/product\/37383","targetHints":{"allow":["GET"]}}],"collection":[{"href":"https:\/\/www.promotio.sk\/de\/wp-json\/wp\/v2\/product"}],"about":[{"href":"https:\/\/www.promotio.sk\/de\/wp-json\/wp\/v2\/types\/product"}],"replies":[{"embeddable":true,"href":"https:\/\/www.promotio.sk\/de\/wp-json\/wp\/v2\/comments?post=37383"}],"wp:featuredmedia":[{"embeddable":true,"href":"https:\/\/www.promotio.sk\/de\/wp-json\/wp\/v2\/media\/37384"}],"wp:attachment":[{"href":"https:\/\/www.promotio.sk\/de\/wp-json\/wp\/v2\/media?parent=37383"}],"wp:term":[{"taxonomy":"product_cat","embeddable":true,"href":"https:\/\/www.promotio.sk\/de\/wp-json\/wp\/v2\/product_cat?post=37383"},{"taxonomy":"product_tag","embeddable":true,"href":"https:\/\/www.promotio.sk\/de\/wp-json\/wp\/v2\/product_tag?post=37383"}],"curies":[{"name":"wp","href":"https:\/\/api.w.org\/{rel}","templated":true}]}}