{"id":37289,"date":"2024-03-19T16:48:35","date_gmt":"2024-03-19T15:48:35","guid":{"rendered":"https:\/\/www.promotio.sk\/shop\/nezaraden\u00e9\/boca\/"},"modified":"2024-03-19T16:54:10","modified_gmt":"2024-03-19T15:54:10","slug":"boca","status":"publish","type":"product","link":"https:\/\/www.promotio.sk\/de\/shop\/sports\/equip\/boca\/","title":{"rendered":"BOCA"},"content":{"rendered":"<p>Unisex-Sport-Set in einer Kombination aus drei Stoffen:<br \/>\n1. T-Shirt mit Kragen und Druckknopfverschluss.<br \/>\n2. \u00c4rmelinnenseite aus atmungsaktivem Stoff.<br \/>\n3. Seitenteile und oberes \u00c4rmelband aus Control-Dry-Gewebe.<br \/>\n4. Shorts mit verstellbarem Bund und Kordelzug.<br \/>\n5. Kontrastierender Innenteil des Beins und Rippe aus Control-Dry-Stoff.<br \/>Zusammensetzung: Hauptstoff: 100% Polyester.<br \/>\nEins\u00e4tze: 100% mikroperforiertes Polyester und 100% Polyester-Waffel-Interlock.<br \/>\n140 g\/m\u00b2.<br \/>Bemerkungen: * Abnehmbares Etikett.<br \/>\n* Atmungsaktives Modell<br \/>\n* In Kindergr\u00f6\u00dfen erh\u00e4ltlich.<br \/>\n* Laufzeit im Katalog 3 Jahre.<br \/><img decoding=\"async\" src=\"https:\/\/static.gorfactory.es\/pics\/measures\/CJ_HO.jpg\"><\/p>","protected":false},"excerpt":{"rendered":"<p>Unisex sports set in a combination of three fabrics: 1. T-shirt with collar and snap button fastening. 2. Interior of<\/p>","protected":false},"featured_media":37290,"comment_status":"open","ping_status":"closed","template":"","meta":[],"product_cat":[631],"product_tag":[],"class_list":{"0":"post-37289","1":"product","2":"type-product","3":"status-publish","4":"has-post-thumbnail","6":"product_cat-equip","8":"first","9":"instock","10":"shipping-taxable","11":"purchasable","12":"product-type-variable"},"_links":{"self":[{"href":"https:\/\/www.promotio.sk\/de\/wp-json\/wp\/v2\/product\/37289","targetHints":{"allow":["GET"]}}],"collection":[{"href":"https:\/\/www.promotio.sk\/de\/wp-json\/wp\/v2\/product"}],"about":[{"href":"https:\/\/www.promotio.sk\/de\/wp-json\/wp\/v2\/types\/product"}],"replies":[{"embeddable":true,"href":"https:\/\/www.promotio.sk\/de\/wp-json\/wp\/v2\/comments?post=37289"}],"wp:featuredmedia":[{"embeddable":true,"href":"https:\/\/www.promotio.sk\/de\/wp-json\/wp\/v2\/media\/37290"}],"wp:attachment":[{"href":"https:\/\/www.promotio.sk\/de\/wp-json\/wp\/v2\/media?parent=37289"}],"wp:term":[{"taxonomy":"product_cat","embeddable":true,"href":"https:\/\/www.promotio.sk\/de\/wp-json\/wp\/v2\/product_cat?post=37289"},{"taxonomy":"product_tag","embeddable":true,"href":"https:\/\/www.promotio.sk\/de\/wp-json\/wp\/v2\/product_tag?post=37289"}],"curies":[{"name":"wp","href":"https:\/\/api.w.org\/{rel}","templated":true}]}}