{"id":37197,"date":"2024-03-19T16:43:29","date_gmt":"2024-03-19T15:43:29","guid":{"rendered":"https:\/\/www.promotio.sk\/shop\/nezaraden\u00e9\/creta\/"},"modified":"2024-03-19T16:48:33","modified_gmt":"2024-03-19T15:48:33","slug":"creta","status":"publish","type":"product","link":"https:\/\/www.promotio.sk\/de\/shop\/sports\/chnd\/creta\/","title":{"rendered":"KRETA"},"content":{"rendered":"<p>Trainingsanzug mit Jacke und Hose:<br \/>\n1. Hoher Halsausschnitt mit passender verdeckter Innennaht.<br \/>\n2. 1\u00d71 Rippe im Kragen, an den Manschetten und am Saum.<br \/>\n3. Zentraler Rei\u00dfverschluss mit Schieber.<br \/>\n4. Seitliche Jackentaschen mit Rei\u00dfverschl\u00fcssen.<br \/>\n5. Kontrastierende Seitenstreifen.<br \/>\n6. Hose mit elastischem Bund und verstellbarem Kordelzug.<br \/>\n7. Zwei Seitentaschen.<br \/>\n8. Ges\u00e4\u00dftasche mit Rei\u00dfverschluss.<br \/>\n9. 1\u00d71 Rippe in den unteren Manschetten.<br \/>Zusammensetzung: 100% Polyester, einfaches Acetatgewebe, 210 g\/m\u00b2.<br \/>Bemerkungen: * Abnehmbares Etikett.<br \/>\n* In Kindergr\u00f6\u00dfen erh\u00e4ltlich.<br \/>\n* Laufzeit im Katalog 3 Jahre.<br \/><img decoding=\"async\" src=\"https:\/\/static.gorfactory.es\/pics\/measures\/CH_HO.jpg\"><\/p>","protected":false},"excerpt":{"rendered":"<p>Tracksuit with jacket and pants: 1. High neck with matching interior covered seam. 2. 1&#215;1 rib in collar, cuffs and<\/p>","protected":false},"featured_media":37198,"comment_status":"open","ping_status":"closed","template":"","meta":[],"product_cat":[625],"product_tag":[],"class_list":{"0":"post-37197","1":"product","2":"type-product","3":"status-publish","4":"has-post-thumbnail","6":"product_cat-chnd","8":"first","9":"instock","10":"shipping-taxable","11":"purchasable","12":"product-type-variable"},"_links":{"self":[{"href":"https:\/\/www.promotio.sk\/de\/wp-json\/wp\/v2\/product\/37197","targetHints":{"allow":["GET"]}}],"collection":[{"href":"https:\/\/www.promotio.sk\/de\/wp-json\/wp\/v2\/product"}],"about":[{"href":"https:\/\/www.promotio.sk\/de\/wp-json\/wp\/v2\/types\/product"}],"replies":[{"embeddable":true,"href":"https:\/\/www.promotio.sk\/de\/wp-json\/wp\/v2\/comments?post=37197"}],"wp:featuredmedia":[{"embeddable":true,"href":"https:\/\/www.promotio.sk\/de\/wp-json\/wp\/v2\/media\/37198"}],"wp:attachment":[{"href":"https:\/\/www.promotio.sk\/de\/wp-json\/wp\/v2\/media?parent=37197"}],"wp:term":[{"taxonomy":"product_cat","embeddable":true,"href":"https:\/\/www.promotio.sk\/de\/wp-json\/wp\/v2\/product_cat?post=37197"},{"taxonomy":"product_tag","embeddable":true,"href":"https:\/\/www.promotio.sk\/de\/wp-json\/wp\/v2\/product_tag?post=37197"}],"curies":[{"name":"wp","href":"https:\/\/api.w.org\/{rel}","templated":true}]}}