{"id":37094,"date":"2024-03-19T16:37:37","date_gmt":"2024-03-19T15:37:37","guid":{"rendered":"https:\/\/www.promotio.sk\/shop\/nezaraden\u00e9\/evans\/"},"modified":"2024-03-19T16:43:27","modified_gmt":"2024-03-19T15:43:27","slug":"evans","status":"publish","type":"product","link":"https:\/\/www.promotio.sk\/de\/shop\/sports\/chnd\/evans\/","title":{"rendered":"EVANS"},"content":{"rendered":"<p>Trainingsanzug aus leichtem und elastischem Stoff.<br \/>\n\u00b7Jacke mit Kontrastfarbe und N\u00e4hten auf der Brust.<br \/>\n\u00b7 Hoher Kragen mit Kontrastn\u00e4hten.<br \/>\n\u00b7 Zentraler Rei\u00dfverschluss<br \/>\n\u00b7 Seitentaschen.<br \/>\n\u00b7 2\u00d72 Rippb\u00fcndchen an B\u00fcndchen und Taille.<br \/>\n\u00b7 Hose mit elastischem Bund und Kordelzug.<br \/>\n\u00b7 Kontrastierendes Seitenteil mit Nahtbesatz.<br \/>\n \u00b7 Rei\u00dfverschluss am Saum. <br \/>Zusammensetzung: 100% Polyester-Interlock, 225 g\/m\u00b2.<br \/>\n<br \/>Bemerkungen: *Etiqueta removable<br \/><img decoding=\"async\" src=\"https:\/\/static.gorfactory.es\/pics\/measures\/CH_HO.jpg\"><\/p>","protected":false},"excerpt":{"rendered":"<p>Tracksuit in lightweight and elastic fabric. \u00b7Jacket with contrasting colour and sewing trims on chest. \u00b7 High collar with contrasting<\/p>","protected":false},"featured_media":37095,"comment_status":"open","ping_status":"closed","template":"","meta":[],"product_cat":[625],"product_tag":[],"class_list":{"0":"post-37094","1":"product","2":"type-product","3":"status-publish","4":"has-post-thumbnail","6":"product_cat-chnd","8":"first","9":"instock","10":"shipping-taxable","11":"purchasable","12":"product-type-variable"},"_links":{"self":[{"href":"https:\/\/www.promotio.sk\/de\/wp-json\/wp\/v2\/product\/37094","targetHints":{"allow":["GET"]}}],"collection":[{"href":"https:\/\/www.promotio.sk\/de\/wp-json\/wp\/v2\/product"}],"about":[{"href":"https:\/\/www.promotio.sk\/de\/wp-json\/wp\/v2\/types\/product"}],"replies":[{"embeddable":true,"href":"https:\/\/www.promotio.sk\/de\/wp-json\/wp\/v2\/comments?post=37094"}],"wp:featuredmedia":[{"embeddable":true,"href":"https:\/\/www.promotio.sk\/de\/wp-json\/wp\/v2\/media\/37095"}],"wp:attachment":[{"href":"https:\/\/www.promotio.sk\/de\/wp-json\/wp\/v2\/media?parent=37094"}],"wp:term":[{"taxonomy":"product_cat","embeddable":true,"href":"https:\/\/www.promotio.sk\/de\/wp-json\/wp\/v2\/product_cat?post=37094"},{"taxonomy":"product_tag","embeddable":true,"href":"https:\/\/www.promotio.sk\/de\/wp-json\/wp\/v2\/product_tag?post=37094"}],"curies":[{"name":"wp","href":"https:\/\/api.w.org\/{rel}","templated":true}]}}