{"id":37030,"date":"2024-03-19T16:34:04","date_gmt":"2024-03-19T15:34:04","guid":{"rendered":"https:\/\/www.promotio.sk\/shop\/nezaraden\u00e9\/athenas\/"},"modified":"2024-03-19T16:37:36","modified_gmt":"2024-03-19T15:37:36","slug":"athenas","status":"publish","type":"product","link":"https:\/\/www.promotio.sk\/de\/shop\/sports\/chnd\/athenas\/","title":{"rendered":"ATHEN"},"content":{"rendered":"<p>Trainingsanzug mit Jacke und Hose.<br \/>\n1.- Rollkragen.<br \/>\n2.- Besetzte Vordertaschen.<br \/>\n3.- 1\u00d71 Rippe an B\u00fcndchen und Taille.<br \/>\n4.- Zentraler Rei\u00dfverschluss mit dekorativen, kontrastfarbenen, verdeckten N\u00e4hten.<br \/>\n5.- Hose mit elastischem Bund und verstellbarem Kordelzug mit Sicherheitsn\u00e4hten und zwei Seitentaschen mit breiter Rippe.<br \/>\n6.- Bequemer Samtstoff innen.<br \/>Zusammensetzung: 100% Polyester, Acetatgewebe, 210 g\/m\u00b2.<br \/>Anmerkungen: *Abnehmbares Etikett.<br \/>\n*2-teiliges Set<br \/>\n*In Kindergr\u00f6\u00dfen erh\u00e4ltlich.<br \/>\n<br \/><img decoding=\"async\" src=\"https:\/\/static.gorfactory.es\/pics\/measures\/CH_HO.jpg\"><\/p>","protected":false},"excerpt":{"rendered":"<p>Tracksuit with jacket and trousers. 1.- Turtleneck. 2.- Trimmed front pockets. 3.- 1&#215;1 rib in cuffs and waist. 4.- Central<\/p>","protected":false},"featured_media":37031,"comment_status":"open","ping_status":"closed","template":"","meta":[],"product_cat":[625],"product_tag":[],"class_list":{"0":"post-37030","1":"product","2":"type-product","3":"status-publish","4":"has-post-thumbnail","6":"product_cat-chnd","8":"first","9":"instock","10":"shipping-taxable","11":"purchasable","12":"product-type-variable"},"_links":{"self":[{"href":"https:\/\/www.promotio.sk\/de\/wp-json\/wp\/v2\/product\/37030","targetHints":{"allow":["GET"]}}],"collection":[{"href":"https:\/\/www.promotio.sk\/de\/wp-json\/wp\/v2\/product"}],"about":[{"href":"https:\/\/www.promotio.sk\/de\/wp-json\/wp\/v2\/types\/product"}],"replies":[{"embeddable":true,"href":"https:\/\/www.promotio.sk\/de\/wp-json\/wp\/v2\/comments?post=37030"}],"wp:featuredmedia":[{"embeddable":true,"href":"https:\/\/www.promotio.sk\/de\/wp-json\/wp\/v2\/media\/37031"}],"wp:attachment":[{"href":"https:\/\/www.promotio.sk\/de\/wp-json\/wp\/v2\/media?parent=37030"}],"wp:term":[{"taxonomy":"product_cat","embeddable":true,"href":"https:\/\/www.promotio.sk\/de\/wp-json\/wp\/v2\/product_cat?post=37030"},{"taxonomy":"product_tag","embeddable":true,"href":"https:\/\/www.promotio.sk\/de\/wp-json\/wp\/v2\/product_tag?post=37030"}],"curies":[{"name":"wp","href":"https:\/\/api.w.org\/{rel}","templated":true}]}}